{"id":1531,"date":"2023-02-10T13:11:11","date_gmt":"2023-02-10T12:11:11","guid":{"rendered":"http:\/\/mtl.hamstage.hamrenmedia.se\/?page_id=1531"},"modified":"2026-03-02T18:39:56","modified_gmt":"2026-03-02T17:39:56","slug":"om-oss","status":"publish","type":"page","link":"https:\/\/www.medtechlabs.se\/sv\/om-oss\/","title":{"rendered":"Om oss"},"content":{"rendered":"\n<pre class=\"wp-block-hw-ingress-box\">MedTechLabs \u00e4r ett tv\u00e4rvetenskapligt centrum f\u00f6r medicinteknisk forskning som skapar b\u00e4ttre f\u00f6ruts\u00e4ttningar f\u00f6r patienters \u00f6verlevnad och f\u00f6rb\u00e4ttrad livskvalitet vid hj\u00e4rt- och k\u00e4rlsjukdomar, cancer och andra folksjukdomar, samt h\u00e4lso- och sjukv\u00e5rdens utmaningar. Vi vill bidra till att v\u00e5rden kan erbjuda sina patienter en s\u00e4krare diagnos och b\u00e4ttre behandling, till l\u00e4gre kostnad.<\/pre>\n\n\n\n<div style=\"height:3rem\" aria-hidden=\"true\" class=\"wp-block-spacer\"><\/div>\n\n\n\n<div class=\"wp-block-columns is-layout-flex wp-container-core-columns-is-layout-9d6595d7 wp-block-columns-is-layout-flex\">\n<div class=\"wp-block-column has-beige-background-color has-background is-layout-flow wp-block-column-is-layout-flow\">\n<h2 class=\"wp-block-heading\">Vision<\/h2>\n\n\n\n<p>MedTechLabs vision \u00e4r att \u00f6ka patienternas \u00f6verlevnad och f\u00f6rb\u00e4ttra livskvaliteten f\u00f6r v\u00e5ra vanligaste sjukdomar och medicinska utmaningar, genom att ge tillg\u00e5ng till de senaste tekniska landvinningarna.<\/p>\n<\/div>\n\n\n\n<div class=\"wp-block-column has-light-beige-background-color has-background is-layout-flow wp-block-column-is-layout-flow\">\n<h2 class=\"wp-block-heading\">M\u00e5l<\/h2>\n\n\n\n<ul class=\"wp-block-list\">\n<li>Projekt inom MedTechLabs ska n\u00e5 klinisk pr\u00f6vning inom fem \u00e5r.<\/li>\n\n\n\n<li>MedTechLabs ska bli ett av de tio fr\u00e4msta tv\u00e4rvetenskapliga centrumen i v\u00e4rlden f\u00f6r medicinteknisk forskning.<\/li>\n\n\n\n<li>Forskningsledare knutna till MedTechLabs ska generera betydande externa bidrag som utvecklar det medicintekniska omr\u00e5det ytterligare.<\/li>\n<\/ul>\n<\/div>\n\n\n\n<div class=\"wp-block-column has-light-blue-background-color has-background is-layout-flow wp-block-column-is-layout-flow\">\n<h2 class=\"wp-block-heading\">Uppdrag<\/h2>\n\n\n\n<p>Att st\u00e4rka det medicintekniska omr\u00e5det med fokus p\u00e5 att ge de b\u00e4sta f\u00f6ruts\u00e4ttningarna f\u00f6r de forskare som \u00e4r knutna till centret.<\/p>\n<\/div>\n<\/div>\n\n\n\n<h2 class=\"wp-block-heading\">Partnerskap<\/h2>\n\n\n\n<p>Centrumet MedTechLabs \u00e4r en l\u00e5ngsiktig satsning som startade 2018 och drivs av KTH, Karolinska Institutet och Region Stockholm. M\u00e5let med satsningen \u00e4r att bidra till utvecklingen av medicinteknik i ett nationellt och internationellt perspektiv. Grundfinansieringen till centrumets forskningsledare kommer fr\u00e5n Region Stockholm, Karolinska Institutet och KTH. Ut\u00f6ver detta v\u00e4lkomnar centrumet donationer som d\u00e5 oavkortat g\u00e5r till forskningsledarna.<\/p>\n\n\n\n<h2 class=\"wp-block-heading\">Strategiska satsningar<\/h2>\n\n\n\n<p>MedTechLabs har ett v\u00e4letablerat ramverk f\u00f6r att genomf\u00f6ra tenure-track rekryteringar men \u00e4ven f\u00f6r projektutlysningar i konkurrens. MedTechLabs Fellowship program inneb\u00e4r en satsning p\u00e5 att rekrytera unga forskare till KTH och Karolinska Institutet, som bitr\u00e4dande lektorer. Tre strategiska rekryteringar med karri\u00e4rv\u00e4gar vid KTH eller Karolinska Institutet har genomf\u00f6rts f\u00f6r att f\u00f6rst\u00e4rka forskningsprogrammet Spektral CT-avbildning och Endovaskul\u00e4ra tekniker. Stipendieprogrammet kan komma att ut\u00f6kas med mobilitetsprogram f\u00f6r att attrahera internationellt v\u00e4lrenommerade forskare att bedriva sin forskning vid MedTechLabs, med antingen KTH eller Karolinska Institutet som v\u00e4rd.<\/p>\n\n\n\n<div class=\"wp-block-media-text has-media-on-the-right is-stacked-on-mobile is-image-fill-element has-white-color has-primary-background-color has-text-color has-background has-link-color wp-elements-5f6c56832fa038799637ffdc25f0590c\"><div class=\"wp-block-media-text__content\">\n<h2 class=\"wp-block-heading\">\u00c5rsber\u00e4ttelse 2024<\/h2>\n\n\n\n<p>I MedTechLabs \u00e5rsber\u00e4ttelse kan du l\u00e4sa mer om centrumet, v\u00e5r styrning och ledning, forskningen, ekonomisk kontroll och viktiga h\u00e4ndelser under \u00e5ret. Du laddar ner \u00e5rsber\u00e4ttelsen som pdf h\u00e4r nedan.<\/p>\n\n\n\n<div class=\"wp-block-file has-beige-background-color has-background\"><a id=\"wp-block-file--media-9492b803-677f-4338-9b62-67e8ac58cf14\" href=\"https:\/\/www.medtechlabs.se\/wp-content\/uploads\/2026\/02\/MTL_AR_2025_LOW_2.pdf\">MTL_AR_2024<\/a><a href=\"https:\/\/www.medtechlabs.se\/wp-content\/uploads\/2026\/02\/MTL_AR_2025_LOW_2.pdf\" class=\"wp-block-file__button wp-element-button\" download aria-describedby=\"wp-block-file--media-9492b803-677f-4338-9b62-67e8ac58cf14\">Ladda ner<\/a><\/div>\n<\/div><figure class=\"wp-block-media-text__media\"><img fetchpriority=\"high\" decoding=\"async\" width=\"789\" height=\"677\" src=\"https:\/\/www.medtechlabs.se\/wp-content\/uploads\/2023\/03\/shutterstock_298969598.jpeg\" alt=\"\" class=\"wp-image-915 size-full\" style=\"object-position:50% 50%\" srcset=\"https:\/\/www.medtechlabs.se\/wp-content\/uploads\/2023\/03\/shutterstock_298969598.jpeg 789w, https:\/\/www.medtechlabs.se\/wp-content\/uploads\/2023\/03\/shutterstock_298969598-300x257.jpeg 300w, https:\/\/www.medtechlabs.se\/wp-content\/uploads\/2023\/03\/shutterstock_298969598-768x659.jpeg 768w, https:\/\/www.medtechlabs.se\/wp-content\/uploads\/2023\/03\/shutterstock_298969598-600x515.jpeg 600w\" sizes=\"(max-width: 789px) 100vw, 789px\" \/><\/figure><\/div>\n\n\n\n<div class=\"wp-block-columns is-layout-flex wp-container-core-columns-is-layout-9d6595d7 wp-block-columns-is-layout-flex\">\n<div class=\"wp-block-column has-beige-background-color has-background is-layout-flow wp-block-column-is-layout-flow\">\n<h2 class=\"wp-block-heading\">Utlysningar<\/h2>\n\n\n\n<p>MedTechLabs g\u00f6r \u00e5rliga utlysningar av forskningsmedel f\u00f6r program inom centrumet. Den senaste utlysningen gjordes i april 2024.<\/p>\n\n\n\n<p>Vid utlysning av ett nytt forskningsprogram utser styrgruppen en bed\u00f6mningsgrupp best\u00e5ende av nationella och internationella experter. Bed\u00f6mningsgruppen f\u00f6resl\u00e5r en rangordning av ans\u00f6kningarna. Styrgruppen beslutar sedan om forskningsprogram.<\/p>\n\n\n\n<p>F\u00f6r att h\u00e5lla dig uppdaterad om utlysningen kan du anm\u00e4la dig till v\u00e5rt nyhetsbrev.<\/p>\n<\/div>\n\n\n\n<div class=\"wp-block-column has-light-beige-background-color has-background is-layout-flow wp-block-column-is-layout-flow\">\n<h2 class=\"wp-block-heading\">Affilieringar<\/h2>\n\n\n\n<p>Styrgruppen behandlar \u00e4ven ans\u00f6kningar om affiliering till MedTechLabs.<\/p>\n\n\n\n<p>Samtliga medverkande i av MedTechLabs finansierade forskningsprogram kan affilieras till centrumet. \u00c4ven forskare som inte medverkar i s\u00e5dana forskningsprogram kan medges affiliering till MedTechLabs.<\/p>\n<\/div>\n\n\n\n<div class=\"wp-block-column has-light-blue-background-color has-background is-layout-flow wp-block-column-is-layout-flow\">\n<h2 class=\"wp-block-heading\">Klinisk relevans och etik<\/h2>\n\n\n\n<p>En f\u00f6ruts\u00e4ttning f\u00f6r att s\u00e4kerst\u00e4lla klinisk relevans i projekten inom MedTechLabs \u00e4r att patienter och friska personer deltar i kliniska studier.<\/p>\n\n\n\n<p>Projekten inom centrumet ska d\u00e4rvid f\u00f6lja god klinisk forskningssed (GCP), lagen om etikpr\u00f6vning samt andra v\u00e5rd- och forskningsetiska principer. Projekten ska \u00e4ven vara godk\u00e4nda av relevanta myndigheter.<\/p>\n<\/div>\n<\/div>\n","protected":false},"excerpt":{"rendered":"<p>Vision MedTechLabs vision \u00e4r att \u00f6ka patienternas \u00f6verlevnad och f\u00f6rb\u00e4ttra livskvaliteten f\u00f6r v\u00e5ra vanligaste sjukdomar och medicinska utmaningar, genom att ge tillg\u00e5ng till de senaste tekniska landvinningarna. M\u00e5l Uppdrag Att st\u00e4rka det medicintekniska omr\u00e5det med fokus p\u00e5 att ge de b\u00e4sta f\u00f6ruts\u00e4ttningarna f\u00f6r de forskare som \u00e4r knutna till centret. Partnerskap Centrumet MedTechLabs \u00e4r en [&hellip;]<\/p>\n","protected":false},"author":1,"featured_media":369,"parent":0,"menu_order":0,"comment_status":"closed","ping_status":"closed","template":"","meta":{"_acf_changed":false,"footnotes":""},"class_list":["post-1531","page","type-page","status-publish","has-post-thumbnail","hentry"],"acf":[],"yoast_head":"<!-- This site is optimized with the Yoast SEO plugin v27.1 - https:\/\/yoast.com\/product\/yoast-seo-wordpress\/ -->\n<title>Om oss - Medtechlabs Om Medtechlabs<\/title>\n<meta name=\"description\" content=\"L\u00e4s om MedTechLabs huvudm\u00e4n, v\u00e5r finansiering, hur vi bedriver tv\u00e4rvetenskaplig forskning och v\u00e5ra l\u00e5ngsiktiga m\u00e5l.\" \/>\n<meta name=\"robots\" content=\"index, follow, max-snippet:-1, max-image-preview:large, max-video-preview:-1\" \/>\n<link rel=\"canonical\" href=\"https:\/\/www.medtechlabs.se\/sv\/om-oss\/\" \/>\n<meta property=\"og:locale\" content=\"sv_SE\" \/>\n<meta property=\"og:type\" content=\"article\" \/>\n<meta property=\"og:title\" content=\"Om oss - Medtechlabs Om Medtechlabs\" \/>\n<meta property=\"og:description\" content=\"L\u00e4s om MedTechLabs huvudm\u00e4n, v\u00e5r finansiering, hur vi bedriver tv\u00e4rvetenskaplig forskning och v\u00e5ra l\u00e5ngsiktiga m\u00e5l.\" \/>\n<meta property=\"og:url\" content=\"https:\/\/www.medtechlabs.se\/sv\/om-oss\/\" \/>\n<meta property=\"og:site_name\" content=\"Medtechlabs\" \/>\n<meta property=\"article:modified_time\" content=\"2026-03-02T17:39:56+00:00\" \/>\n<meta property=\"og:image\" content=\"https:\/\/www.medtechlabs.se\/wp-content\/uploads\/2023\/03\/bioclinicum_solitart_w.jpeg\" \/>\n\t<meta property=\"og:image:width\" content=\"850\" \/>\n\t<meta property=\"og:image:height\" content=\"478\" \/>\n\t<meta property=\"og:image:type\" content=\"image\/jpeg\" \/>\n<meta name=\"twitter:card\" content=\"summary_large_image\" \/>\n<meta name=\"twitter:label1\" content=\"Ber\u00e4knad l\u00e4stid\" \/>\n\t<meta name=\"twitter:data1\" content=\"3 minuter\" \/>\n<script type=\"application\/ld+json\" class=\"yoast-schema-graph\">{\"@context\":\"https:\/\/schema.org\",\"@graph\":[{\"@type\":\"WebPage\",\"@id\":\"https:\/\/www.medtechlabs.se\/sv\/om-oss\/\",\"url\":\"https:\/\/www.medtechlabs.se\/sv\/om-oss\/\",\"name\":\"Om oss - Medtechlabs Om Medtechlabs\",\"isPartOf\":{\"@id\":\"https:\/\/www.medtechlabs.se\/sv\/#website\"},\"primaryImageOfPage\":{\"@id\":\"https:\/\/www.medtechlabs.se\/sv\/om-oss\/#primaryimage\"},\"image\":{\"@id\":\"https:\/\/www.medtechlabs.se\/sv\/om-oss\/#primaryimage\"},\"thumbnailUrl\":\"https:\/\/www.medtechlabs.se\/wp-content\/uploads\/2023\/03\/bioclinicum_solitart_w.jpeg\",\"datePublished\":\"2023-02-10T12:11:11+00:00\",\"dateModified\":\"2026-03-02T17:39:56+00:00\",\"description\":\"L\u00e4s om MedTechLabs huvudm\u00e4n, v\u00e5r finansiering, hur vi bedriver tv\u00e4rvetenskaplig forskning och v\u00e5ra l\u00e5ngsiktiga m\u00e5l.\",\"breadcrumb\":{\"@id\":\"https:\/\/www.medtechlabs.se\/sv\/om-oss\/#breadcrumb\"},\"inLanguage\":\"sv-SE\",\"potentialAction\":[{\"@type\":\"ReadAction\",\"target\":[\"https:\/\/www.medtechlabs.se\/sv\/om-oss\/\"]}]},{\"@type\":\"ImageObject\",\"inLanguage\":\"sv-SE\",\"@id\":\"https:\/\/www.medtechlabs.se\/sv\/om-oss\/#primaryimage\",\"url\":\"https:\/\/www.medtechlabs.se\/wp-content\/uploads\/2023\/03\/bioclinicum_solitart_w.jpeg\",\"contentUrl\":\"https:\/\/www.medtechlabs.se\/wp-content\/uploads\/2023\/03\/bioclinicum_solitart_w.jpeg\",\"width\":850,\"height\":478},{\"@type\":\"BreadcrumbList\",\"@id\":\"https:\/\/www.medtechlabs.se\/sv\/om-oss\/#breadcrumb\",\"itemListElement\":[{\"@type\":\"ListItem\",\"position\":1,\"name\":\"Home\",\"item\":\"https:\/\/www.medtechlabs.se\/sv\/\"},{\"@type\":\"ListItem\",\"position\":2,\"name\":\"Om oss\"}]},{\"@type\":\"WebSite\",\"@id\":\"https:\/\/www.medtechlabs.se\/sv\/#website\",\"url\":\"https:\/\/www.medtechlabs.se\/sv\/\",\"name\":\"Medtechlabs\",\"description\":\"\",\"publisher\":{\"@id\":\"https:\/\/www.medtechlabs.se\/sv\/#organization\"},\"potentialAction\":[{\"@type\":\"SearchAction\",\"target\":{\"@type\":\"EntryPoint\",\"urlTemplate\":\"https:\/\/www.medtechlabs.se\/sv\/?s={search_term_string}\"},\"query-input\":{\"@type\":\"PropertyValueSpecification\",\"valueRequired\":true,\"valueName\":\"search_term_string\"}}],\"inLanguage\":\"sv-SE\"},{\"@type\":\"Organization\",\"@id\":\"https:\/\/www.medtechlabs.se\/sv\/#organization\",\"name\":\"Medtechlabs\",\"url\":\"https:\/\/www.medtechlabs.se\/sv\/\",\"logo\":{\"@type\":\"ImageObject\",\"inLanguage\":\"sv-SE\",\"@id\":\"https:\/\/www.medtechlabs.se\/sv\/#\/schema\/logo\/image\/\",\"url\":\"https:\/\/www.medtechlabs.se\/wp-content\/uploads\/2023\/02\/medtechlabs_logo_RGB_orange-65.png\",\"contentUrl\":\"https:\/\/www.medtechlabs.se\/wp-content\/uploads\/2023\/02\/medtechlabs_logo_RGB_orange-65.png\",\"width\":480,\"height\":60,\"caption\":\"Medtechlabs\"},\"image\":{\"@id\":\"https:\/\/www.medtechlabs.se\/sv\/#\/schema\/logo\/image\/\"}}]}<\/script>\n<!-- \/ Yoast SEO plugin. -->","yoast_head_json":{"title":"Om oss - Medtechlabs Om Medtechlabs","description":"L\u00e4s om MedTechLabs huvudm\u00e4n, v\u00e5r finansiering, hur vi bedriver tv\u00e4rvetenskaplig forskning och v\u00e5ra l\u00e5ngsiktiga m\u00e5l.","robots":{"index":"index","follow":"follow","max-snippet":"max-snippet:-1","max-image-preview":"max-image-preview:large","max-video-preview":"max-video-preview:-1"},"canonical":"https:\/\/www.medtechlabs.se\/sv\/om-oss\/","og_locale":"sv_SE","og_type":"article","og_title":"Om oss - Medtechlabs Om Medtechlabs","og_description":"L\u00e4s om MedTechLabs huvudm\u00e4n, v\u00e5r finansiering, hur vi bedriver tv\u00e4rvetenskaplig forskning och v\u00e5ra l\u00e5ngsiktiga m\u00e5l.","og_url":"https:\/\/www.medtechlabs.se\/sv\/om-oss\/","og_site_name":"Medtechlabs","article_modified_time":"2026-03-02T17:39:56+00:00","og_image":[{"width":850,"height":478,"url":"https:\/\/www.medtechlabs.se\/wp-content\/uploads\/2023\/03\/bioclinicum_solitart_w.jpeg","type":"image\/jpeg"}],"twitter_card":"summary_large_image","twitter_misc":{"Ber\u00e4knad l\u00e4stid":"3 minuter"},"schema":{"@context":"https:\/\/schema.org","@graph":[{"@type":"WebPage","@id":"https:\/\/www.medtechlabs.se\/sv\/om-oss\/","url":"https:\/\/www.medtechlabs.se\/sv\/om-oss\/","name":"Om oss - Medtechlabs Om Medtechlabs","isPartOf":{"@id":"https:\/\/www.medtechlabs.se\/sv\/#website"},"primaryImageOfPage":{"@id":"https:\/\/www.medtechlabs.se\/sv\/om-oss\/#primaryimage"},"image":{"@id":"https:\/\/www.medtechlabs.se\/sv\/om-oss\/#primaryimage"},"thumbnailUrl":"https:\/\/www.medtechlabs.se\/wp-content\/uploads\/2023\/03\/bioclinicum_solitart_w.jpeg","datePublished":"2023-02-10T12:11:11+00:00","dateModified":"2026-03-02T17:39:56+00:00","description":"L\u00e4s om MedTechLabs huvudm\u00e4n, v\u00e5r finansiering, hur vi bedriver tv\u00e4rvetenskaplig forskning och v\u00e5ra l\u00e5ngsiktiga m\u00e5l.","breadcrumb":{"@id":"https:\/\/www.medtechlabs.se\/sv\/om-oss\/#breadcrumb"},"inLanguage":"sv-SE","potentialAction":[{"@type":"ReadAction","target":["https:\/\/www.medtechlabs.se\/sv\/om-oss\/"]}]},{"@type":"ImageObject","inLanguage":"sv-SE","@id":"https:\/\/www.medtechlabs.se\/sv\/om-oss\/#primaryimage","url":"https:\/\/www.medtechlabs.se\/wp-content\/uploads\/2023\/03\/bioclinicum_solitart_w.jpeg","contentUrl":"https:\/\/www.medtechlabs.se\/wp-content\/uploads\/2023\/03\/bioclinicum_solitart_w.jpeg","width":850,"height":478},{"@type":"BreadcrumbList","@id":"https:\/\/www.medtechlabs.se\/sv\/om-oss\/#breadcrumb","itemListElement":[{"@type":"ListItem","position":1,"name":"Home","item":"https:\/\/www.medtechlabs.se\/sv\/"},{"@type":"ListItem","position":2,"name":"Om oss"}]},{"@type":"WebSite","@id":"https:\/\/www.medtechlabs.se\/sv\/#website","url":"https:\/\/www.medtechlabs.se\/sv\/","name":"Medtechlabs","description":"","publisher":{"@id":"https:\/\/www.medtechlabs.se\/sv\/#organization"},"potentialAction":[{"@type":"SearchAction","target":{"@type":"EntryPoint","urlTemplate":"https:\/\/www.medtechlabs.se\/sv\/?s={search_term_string}"},"query-input":{"@type":"PropertyValueSpecification","valueRequired":true,"valueName":"search_term_string"}}],"inLanguage":"sv-SE"},{"@type":"Organization","@id":"https:\/\/www.medtechlabs.se\/sv\/#organization","name":"Medtechlabs","url":"https:\/\/www.medtechlabs.se\/sv\/","logo":{"@type":"ImageObject","inLanguage":"sv-SE","@id":"https:\/\/www.medtechlabs.se\/sv\/#\/schema\/logo\/image\/","url":"https:\/\/www.medtechlabs.se\/wp-content\/uploads\/2023\/02\/medtechlabs_logo_RGB_orange-65.png","contentUrl":"https:\/\/www.medtechlabs.se\/wp-content\/uploads\/2023\/02\/medtechlabs_logo_RGB_orange-65.png","width":480,"height":60,"caption":"Medtechlabs"},"image":{"@id":"https:\/\/www.medtechlabs.se\/sv\/#\/schema\/logo\/image\/"}}]}},"_links":{"self":[{"href":"https:\/\/www.medtechlabs.se\/sv\/wp-json\/wp\/v2\/pages\/1531","targetHints":{"allow":["GET"]}}],"collection":[{"href":"https:\/\/www.medtechlabs.se\/sv\/wp-json\/wp\/v2\/pages"}],"about":[{"href":"https:\/\/www.medtechlabs.se\/sv\/wp-json\/wp\/v2\/types\/page"}],"author":[{"embeddable":true,"href":"https:\/\/www.medtechlabs.se\/sv\/wp-json\/wp\/v2\/users\/1"}],"replies":[{"embeddable":true,"href":"https:\/\/www.medtechlabs.se\/sv\/wp-json\/wp\/v2\/comments?post=1531"}],"version-history":[{"count":16,"href":"https:\/\/www.medtechlabs.se\/sv\/wp-json\/wp\/v2\/pages\/1531\/revisions"}],"predecessor-version":[{"id":3332,"href":"https:\/\/www.medtechlabs.se\/sv\/wp-json\/wp\/v2\/pages\/1531\/revisions\/3332"}],"wp:featuredmedia":[{"embeddable":true,"href":"https:\/\/www.medtechlabs.se\/sv\/wp-json\/wp\/v2\/media\/369"}],"wp:attachment":[{"href":"https:\/\/www.medtechlabs.se\/sv\/wp-json\/wp\/v2\/media?parent=1531"}],"curies":[{"name":"wp","href":"https:\/\/api.w.org\/{rel}","templated":true}]}}