{"id":1536,"date":"2023-02-10T13:12:57","date_gmt":"2023-02-10T12:12:57","guid":{"rendered":"http:\/\/mtl.hamstage.hamrenmedia.se\/?page_id=1536"},"modified":"2023-05-08T10:50:16","modified_gmt":"2023-05-08T08:50:16","slug":"organisation","status":"publish","type":"page","link":"https:\/\/www.medtechlabs.se\/sv\/om-oss\/organisation\/","title":{"rendered":"Styrning"},"content":{"rendered":"\n<pre class=\"wp-block-hw-ingress-box\">MedTechLabs best\u00e5r av en styrgrupp, en ledningsgrupp och ett patientr\u00e5d. Varje forskningsprogram leds av programledare fr\u00e5n KTH respektive KI.  <\/pre>\n\n\n<p><div class=\"search-filter-results\" id=\"search-filter-results-1538\">\t<div class=\"grid-item-wrapper col-3\">\n\t<div class=\"grid-item organisations\">\n\t<div class=\"upper\">\n\t\t\t\t<div class=\"post-content\">\n\t\t\t\t\t\t<h3 class=\"post-title\"><a href=\"https:\/\/www.medtechlabs.se\/sv\/organisation\/styrgrupp-2\/\">Styrgrupp<\/a><\/h3>\n\t\t\t<p class=\"post-ingress\">Andreas Scheutz\u00a0(ordf\u00f6rande), Forsknings- och innovationsdirekt\u00f6r, Region Stockholm Martin Berg\u00f6, prorektor f\u00f6r Karolinska Institutet Amelie Eriksson Karlstr\u00f6m, skolchef, Skolan f\u00f6r kemi,...<\/p>\n\t\t<\/div>\n\t<\/div>\n\t<div class=\"lower\">\n\t\t<a class=\"post-link\" href=\"https:\/\/www.medtechlabs.se\/sv\/organisation\/styrgrupp-2\/\">\n\t\tL\u00e4s mer\t\t<\/a>\n\t<\/div>\n<\/div><div class=\"grid-item organisations\">\n\t<div class=\"upper\">\n\t\t\t\t<div class=\"post-content\">\n\t\t\t\t\t\t<h3 class=\"post-title\"><a href=\"https:\/\/www.medtechlabs.se\/sv\/organisation\/ledningsgrupp-2\/\">Ledningsgrupp<\/a><\/h3>\n\t\t\t<p class=\"post-ingress\">Niclas Roxhed,\u00a0f\u00f6rest\u00e5ndare, Professor i mikro- och nanosystem, KTH, forskningsledareStaffan Holmin, vice f\u00f6rest\u00e5ndare, professor i klinisk neuroimaging, KI. \u00d6verl\u00e4kare vid ME...<\/p>\n\t\t<\/div>\n\t<\/div>\n\t<div class=\"lower\">\n\t\t<a class=\"post-link\" href=\"https:\/\/www.medtechlabs.se\/sv\/organisation\/ledningsgrupp-2\/\">\n\t\tL\u00e4s mer\t\t<\/a>\n\t<\/div>\n<\/div><div class=\"grid-item organisations\">\n\t<div class=\"upper\">\n\t\t\t\t<div class=\"post-content\">\n\t\t\t\t\t\t<h3 class=\"post-title\"><a href=\"https:\/\/www.medtechlabs.se\/sv\/organisation\/patientrad\/\">Patientr\u00e5d<\/a><\/h3>\n\t\t\t<p class=\"post-ingress\">Lennart H\u00e5westam, Strokef\u00f6reningen i Stockholms L\u00e4nSara Norman, Njurf\u00f6rbundetElisabet Schesny, Br\u00f6stcancerf\u00f6rbundetBarbro Wong, Reumatikerf\u00f6reningen, Stockholm<\/p>\n\t\t<\/div>\n\t<\/div>\n\t<div class=\"lower\">\n\t\t<a class=\"post-link\" href=\"https:\/\/www.medtechlabs.se\/sv\/organisation\/patientrad\/\">\n\t\tL\u00e4s mer\t\t<\/a>\n\t<\/div>\n<\/div><div class=\"grid-item organisations\">\n\t<div class=\"upper\">\n\t\t\t\t<div class=\"post-content\">\n\t\t\t\t\t\t<h3 class=\"post-title\"><a href=\"https:\/\/www.medtechlabs.se\/sv\/organisation\/planeringsgrupp-klinisk-infrastruktur\/\">Planeringsgrupp klinisk infrastruktur<\/a><\/h3>\n\t\t\t<p class=\"post-ingress\">Elisabet Rendahl, senior r\u00e5dgivare, Region Stockholm (Ordf\u00f6rande)Lena Lewin, senior r\u00e5dgivare, Karolinska InstititutetMensur Dzabic, tf chef Infrastruktur och produktionsstyrning Medicinsk Diagnostik...<\/p>\n\t\t<\/div>\n\t<\/div>\n\t<div class=\"lower\">\n\t\t<a class=\"post-link\" href=\"https:\/\/www.medtechlabs.se\/sv\/organisation\/planeringsgrupp-klinisk-infrastruktur\/\">\n\t\tL\u00e4s mer\t\t<\/a>\n\t<\/div>\n<\/div>\t<\/div> <!-- end grid item wrapper -->\n\t\n\t<!-- \tPagination using the wp_pagenavi plugin -->\n\t\t\n\t<\/div><\/p>\n","protected":false},"excerpt":{"rendered":"","protected":false},"author":1,"featured_media":1095,"parent":1531,"menu_order":0,"comment_status":"closed","ping_status":"closed","template":"","meta":{"_acf_changed":false,"footnotes":""},"class_list":["post-1536","page","type-page","status-publish","has-post-thumbnail","hentry"],"acf":[],"yoast_head":"<!-- This site is optimized with the Yoast SEO plugin v27.1 - https:\/\/yoast.com\/product\/yoast-seo-wordpress\/ -->\n<title>Styrning - Medtechlabs styrning<\/title>\n<meta name=\"description\" content=\"L\u00e4s om styrningen av centrumet - MedTechLabs styrelse, ledningsgruppen och v\u00e5rt patientr\u00e5d och dess medlemmar.\" \/>\n<meta name=\"robots\" content=\"index, follow, max-snippet:-1, max-image-preview:large, max-video-preview:-1\" \/>\n<link rel=\"canonical\" href=\"https:\/\/www.medtechlabs.se\/sv\/om-oss\/organisation\/\" \/>\n<meta property=\"og:locale\" content=\"sv_SE\" \/>\n<meta property=\"og:type\" content=\"article\" \/>\n<meta property=\"og:title\" content=\"Styrning - Medtechlabs styrning\" \/>\n<meta property=\"og:description\" content=\"L\u00e4s om styrningen av centrumet - MedTechLabs styrelse, ledningsgruppen och v\u00e5rt patientr\u00e5d och dess medlemmar.\" \/>\n<meta property=\"og:url\" content=\"https:\/\/www.medtechlabs.se\/sv\/om-oss\/organisation\/\" \/>\n<meta property=\"og:site_name\" content=\"Medtechlabs\" \/>\n<meta property=\"article:modified_time\" content=\"2023-05-08T08:50:16+00:00\" \/>\n<meta property=\"og:image\" content=\"https:\/\/www.medtechlabs.se\/wp-content\/uploads\/2023\/03\/Bildanalys-och-AI-ska-radda-fler-coronapatienter.jpg\" \/>\n\t<meta property=\"og:image:width\" content=\"1000\" \/>\n\t<meta property=\"og:image:height\" content=\"719\" \/>\n\t<meta property=\"og:image:type\" content=\"image\/jpeg\" \/>\n<meta name=\"twitter:card\" content=\"summary_large_image\" \/>\n<meta name=\"twitter:label1\" content=\"Ber\u00e4knad l\u00e4stid\" \/>\n\t<meta name=\"twitter:data1\" content=\"1 minut\" \/>\n<script type=\"application\/ld+json\" class=\"yoast-schema-graph\">{\"@context\":\"https:\/\/schema.org\",\"@graph\":[{\"@type\":\"WebPage\",\"@id\":\"https:\/\/www.medtechlabs.se\/sv\/om-oss\/organisation\/\",\"url\":\"https:\/\/www.medtechlabs.se\/sv\/om-oss\/organisation\/\",\"name\":\"Styrning - Medtechlabs styrning\",\"isPartOf\":{\"@id\":\"https:\/\/www.medtechlabs.se\/sv\/#website\"},\"primaryImageOfPage\":{\"@id\":\"https:\/\/www.medtechlabs.se\/sv\/om-oss\/organisation\/#primaryimage\"},\"image\":{\"@id\":\"https:\/\/www.medtechlabs.se\/sv\/om-oss\/organisation\/#primaryimage\"},\"thumbnailUrl\":\"https:\/\/www.medtechlabs.se\/wp-content\/uploads\/2023\/03\/Bildanalys-och-AI-ska-radda-fler-coronapatienter.jpg\",\"datePublished\":\"2023-02-10T12:12:57+00:00\",\"dateModified\":\"2023-05-08T08:50:16+00:00\",\"description\":\"L\u00e4s om styrningen av centrumet - MedTechLabs styrelse, ledningsgruppen och v\u00e5rt patientr\u00e5d och dess medlemmar.\",\"breadcrumb\":{\"@id\":\"https:\/\/www.medtechlabs.se\/sv\/om-oss\/organisation\/#breadcrumb\"},\"inLanguage\":\"sv-SE\",\"potentialAction\":[{\"@type\":\"ReadAction\",\"target\":[\"https:\/\/www.medtechlabs.se\/sv\/om-oss\/organisation\/\"]}]},{\"@type\":\"ImageObject\",\"inLanguage\":\"sv-SE\",\"@id\":\"https:\/\/www.medtechlabs.se\/sv\/om-oss\/organisation\/#primaryimage\",\"url\":\"https:\/\/www.medtechlabs.se\/wp-content\/uploads\/2023\/03\/Bildanalys-och-AI-ska-radda-fler-coronapatienter.jpg\",\"contentUrl\":\"https:\/\/www.medtechlabs.se\/wp-content\/uploads\/2023\/03\/Bildanalys-och-AI-ska-radda-fler-coronapatienter.jpg\",\"width\":1000,\"height\":719},{\"@type\":\"BreadcrumbList\",\"@id\":\"https:\/\/www.medtechlabs.se\/sv\/om-oss\/organisation\/#breadcrumb\",\"itemListElement\":[{\"@type\":\"ListItem\",\"position\":1,\"name\":\"Home\",\"item\":\"https:\/\/www.medtechlabs.se\/sv\/\"},{\"@type\":\"ListItem\",\"position\":2,\"name\":\"Om oss\",\"item\":\"https:\/\/www.medtechlabs.se\/sv\/om-oss\/\"},{\"@type\":\"ListItem\",\"position\":3,\"name\":\"Styrning\"}]},{\"@type\":\"WebSite\",\"@id\":\"https:\/\/www.medtechlabs.se\/sv\/#website\",\"url\":\"https:\/\/www.medtechlabs.se\/sv\/\",\"name\":\"Medtechlabs\",\"description\":\"\",\"publisher\":{\"@id\":\"https:\/\/www.medtechlabs.se\/sv\/#organization\"},\"potentialAction\":[{\"@type\":\"SearchAction\",\"target\":{\"@type\":\"EntryPoint\",\"urlTemplate\":\"https:\/\/www.medtechlabs.se\/sv\/?s={search_term_string}\"},\"query-input\":{\"@type\":\"PropertyValueSpecification\",\"valueRequired\":true,\"valueName\":\"search_term_string\"}}],\"inLanguage\":\"sv-SE\"},{\"@type\":\"Organization\",\"@id\":\"https:\/\/www.medtechlabs.se\/sv\/#organization\",\"name\":\"Medtechlabs\",\"url\":\"https:\/\/www.medtechlabs.se\/sv\/\",\"logo\":{\"@type\":\"ImageObject\",\"inLanguage\":\"sv-SE\",\"@id\":\"https:\/\/www.medtechlabs.se\/sv\/#\/schema\/logo\/image\/\",\"url\":\"https:\/\/www.medtechlabs.se\/wp-content\/uploads\/2023\/02\/medtechlabs_logo_RGB_orange-65.png\",\"contentUrl\":\"https:\/\/www.medtechlabs.se\/wp-content\/uploads\/2023\/02\/medtechlabs_logo_RGB_orange-65.png\",\"width\":480,\"height\":60,\"caption\":\"Medtechlabs\"},\"image\":{\"@id\":\"https:\/\/www.medtechlabs.se\/sv\/#\/schema\/logo\/image\/\"}}]}<\/script>\n<!-- \/ Yoast SEO plugin. -->","yoast_head_json":{"title":"Styrning - Medtechlabs styrning","description":"L\u00e4s om styrningen av centrumet - MedTechLabs styrelse, ledningsgruppen och v\u00e5rt patientr\u00e5d och dess medlemmar.","robots":{"index":"index","follow":"follow","max-snippet":"max-snippet:-1","max-image-preview":"max-image-preview:large","max-video-preview":"max-video-preview:-1"},"canonical":"https:\/\/www.medtechlabs.se\/sv\/om-oss\/organisation\/","og_locale":"sv_SE","og_type":"article","og_title":"Styrning - Medtechlabs styrning","og_description":"L\u00e4s om styrningen av centrumet - MedTechLabs styrelse, ledningsgruppen och v\u00e5rt patientr\u00e5d och dess medlemmar.","og_url":"https:\/\/www.medtechlabs.se\/sv\/om-oss\/organisation\/","og_site_name":"Medtechlabs","article_modified_time":"2023-05-08T08:50:16+00:00","og_image":[{"width":1000,"height":719,"url":"https:\/\/www.medtechlabs.se\/wp-content\/uploads\/2023\/03\/Bildanalys-och-AI-ska-radda-fler-coronapatienter.jpg","type":"image\/jpeg"}],"twitter_card":"summary_large_image","twitter_misc":{"Ber\u00e4knad l\u00e4stid":"1 minut"},"schema":{"@context":"https:\/\/schema.org","@graph":[{"@type":"WebPage","@id":"https:\/\/www.medtechlabs.se\/sv\/om-oss\/organisation\/","url":"https:\/\/www.medtechlabs.se\/sv\/om-oss\/organisation\/","name":"Styrning - Medtechlabs styrning","isPartOf":{"@id":"https:\/\/www.medtechlabs.se\/sv\/#website"},"primaryImageOfPage":{"@id":"https:\/\/www.medtechlabs.se\/sv\/om-oss\/organisation\/#primaryimage"},"image":{"@id":"https:\/\/www.medtechlabs.se\/sv\/om-oss\/organisation\/#primaryimage"},"thumbnailUrl":"https:\/\/www.medtechlabs.se\/wp-content\/uploads\/2023\/03\/Bildanalys-och-AI-ska-radda-fler-coronapatienter.jpg","datePublished":"2023-02-10T12:12:57+00:00","dateModified":"2023-05-08T08:50:16+00:00","description":"L\u00e4s om styrningen av centrumet - MedTechLabs styrelse, ledningsgruppen och v\u00e5rt patientr\u00e5d och dess medlemmar.","breadcrumb":{"@id":"https:\/\/www.medtechlabs.se\/sv\/om-oss\/organisation\/#breadcrumb"},"inLanguage":"sv-SE","potentialAction":[{"@type":"ReadAction","target":["https:\/\/www.medtechlabs.se\/sv\/om-oss\/organisation\/"]}]},{"@type":"ImageObject","inLanguage":"sv-SE","@id":"https:\/\/www.medtechlabs.se\/sv\/om-oss\/organisation\/#primaryimage","url":"https:\/\/www.medtechlabs.se\/wp-content\/uploads\/2023\/03\/Bildanalys-och-AI-ska-radda-fler-coronapatienter.jpg","contentUrl":"https:\/\/www.medtechlabs.se\/wp-content\/uploads\/2023\/03\/Bildanalys-och-AI-ska-radda-fler-coronapatienter.jpg","width":1000,"height":719},{"@type":"BreadcrumbList","@id":"https:\/\/www.medtechlabs.se\/sv\/om-oss\/organisation\/#breadcrumb","itemListElement":[{"@type":"ListItem","position":1,"name":"Home","item":"https:\/\/www.medtechlabs.se\/sv\/"},{"@type":"ListItem","position":2,"name":"Om oss","item":"https:\/\/www.medtechlabs.se\/sv\/om-oss\/"},{"@type":"ListItem","position":3,"name":"Styrning"}]},{"@type":"WebSite","@id":"https:\/\/www.medtechlabs.se\/sv\/#website","url":"https:\/\/www.medtechlabs.se\/sv\/","name":"Medtechlabs","description":"","publisher":{"@id":"https:\/\/www.medtechlabs.se\/sv\/#organization"},"potentialAction":[{"@type":"SearchAction","target":{"@type":"EntryPoint","urlTemplate":"https:\/\/www.medtechlabs.se\/sv\/?s={search_term_string}"},"query-input":{"@type":"PropertyValueSpecification","valueRequired":true,"valueName":"search_term_string"}}],"inLanguage":"sv-SE"},{"@type":"Organization","@id":"https:\/\/www.medtechlabs.se\/sv\/#organization","name":"Medtechlabs","url":"https:\/\/www.medtechlabs.se\/sv\/","logo":{"@type":"ImageObject","inLanguage":"sv-SE","@id":"https:\/\/www.medtechlabs.se\/sv\/#\/schema\/logo\/image\/","url":"https:\/\/www.medtechlabs.se\/wp-content\/uploads\/2023\/02\/medtechlabs_logo_RGB_orange-65.png","contentUrl":"https:\/\/www.medtechlabs.se\/wp-content\/uploads\/2023\/02\/medtechlabs_logo_RGB_orange-65.png","width":480,"height":60,"caption":"Medtechlabs"},"image":{"@id":"https:\/\/www.medtechlabs.se\/sv\/#\/schema\/logo\/image\/"}}]}},"_links":{"self":[{"href":"https:\/\/www.medtechlabs.se\/sv\/wp-json\/wp\/v2\/pages\/1536","targetHints":{"allow":["GET"]}}],"collection":[{"href":"https:\/\/www.medtechlabs.se\/sv\/wp-json\/wp\/v2\/pages"}],"about":[{"href":"https:\/\/www.medtechlabs.se\/sv\/wp-json\/wp\/v2\/types\/page"}],"author":[{"embeddable":true,"href":"https:\/\/www.medtechlabs.se\/sv\/wp-json\/wp\/v2\/users\/1"}],"replies":[{"embeddable":true,"href":"https:\/\/www.medtechlabs.se\/sv\/wp-json\/wp\/v2\/comments?post=1536"}],"version-history":[{"count":5,"href":"https:\/\/www.medtechlabs.se\/sv\/wp-json\/wp\/v2\/pages\/1536\/revisions"}],"predecessor-version":[{"id":2140,"href":"https:\/\/www.medtechlabs.se\/sv\/wp-json\/wp\/v2\/pages\/1536\/revisions\/2140"}],"up":[{"embeddable":true,"href":"https:\/\/www.medtechlabs.se\/sv\/wp-json\/wp\/v2\/pages\/1531"}],"wp:featuredmedia":[{"embeddable":true,"href":"https:\/\/www.medtechlabs.se\/sv\/wp-json\/wp\/v2\/media\/1095"}],"wp:attachment":[{"href":"https:\/\/www.medtechlabs.se\/sv\/wp-json\/wp\/v2\/media?parent=1536"}],"curies":[{"name":"wp","href":"https:\/\/api.w.org\/{rel}","templated":true}]}}