{"id":1541,"date":"2023-02-10T13:17:41","date_gmt":"2023-02-10T12:17:41","guid":{"rendered":"http:\/\/mtl.hamstage.hamrenmedia.se\/?page_id=1541"},"modified":"2024-06-14T11:45:36","modified_gmt":"2024-06-14T09:45:36","slug":"kontakt","status":"publish","type":"page","link":"https:\/\/www.medtechlabs.se\/sv\/kontakt\/","title":{"rendered":"Kontakt"},"content":{"rendered":"\n<pre class=\"wp-block-hw-ingress-box\"><\/pre>\n\n\n\n<div class=\"wp-block-group\"><div class=\"wp-block-group__inner-container is-layout-constrained wp-block-group-is-layout-constrained\">\n<h2 class=\"wp-block-heading\">Kontaktuppgifter<\/h2>\n\n\n\n<p>Kontakta oss g\u00e4rna f\u00f6r allm\u00e4n information om centret och v\u00e5r forskning. F\u00f6r kontakt med v\u00e5ra forskningsledare, klicka <a href=\"http:\/\/Kontakta oss g\u00e4rna f\u00f6r allm\u00e4n information om centret och v\u00e5r forskning. F\u00f6r kontakt med v\u00e5ra forskningsledare, bes\u00f6k avsnittet Medarbetare.\">h\u00e4r<\/a>.<\/p>\n\n\n\n<div class=\"wp-block-columns is-layout-flex wp-container-core-columns-is-layout-9d6595d7 wp-block-columns-is-layout-flex\">\n<div class=\"wp-block-column is-layout-flow wp-block-column-is-layout-flow\" style=\"flex-basis:66.66%\">\n<div class=\"wp-block-columns is-layout-flex wp-container-core-columns-is-layout-9d6595d7 wp-block-columns-is-layout-flex\">\n<div class=\"wp-block-column is-layout-flow wp-block-column-is-layout-flow\">\n\n\t<div class=\"contacts-item contacts\">\n\t\t<div class='post-img'><img src=https:\/\/www.medtechlabs.se\/wp-content\/uploads\/2024\/06\/Liz1903_portrait_1000x1000.jpg><\/div>\t\t<div class=\"post-wrapper\">\n\t\t\t<h4 class=\"page-title\">Liz Adamsson<\/h4>\n\t\t\t<p>Executive Director MedTechLabs<\/p>\n\t\t\t<div class=\"email\">\n\t\t\t\t<i class=\"fa-solid fa-envelope\"><\/i>\n\t\t\t\t<p>lizad@kth.se<\/p>\n\t\t\t<\/div>\n\t\t\t<div class=\"phone\">\n\t\t\t\t<i class=\"fa-solid fa-phone\"><\/i>\n\t\t\t\t<p>+46 (0) 73 270 18 50<\/p>\n\t\t\t<\/div>\n\t\t<\/div>\n\t<\/div>\n\n\n\n\n<p><\/p>\n<\/div>\n\n\n\n<div class=\"wp-block-column is-layout-flow wp-block-column-is-layout-flow\">\n\n\t<div class=\"contacts-item contacts\">\n\t\t<div class='post-img'><img src=https:\/\/www.medtechlabs.se\/wp-content\/uploads\/2023\/04\/Hakan-Sandberg-1.jpg><\/div>\t\t<div class=\"post-wrapper\">\n\t\t\t<h4 class=\"page-title\">H\u00e5kan Sandberg<\/h4>\n\t\t\t<p>Kommunikation och presskontakt<\/p>\n\t\t\t<div class=\"email\">\n\t\t\t\t<i class=\"fa-solid fa-envelope\"><\/i>\n\t\t\t\t<p>hsandbe@kth.se<\/p>\n\t\t\t<\/div>\n\t\t\t<div class=\"phone\">\n\t\t\t\t<i class=\"fa-solid fa-phone\"><\/i>\n\t\t\t\t<p>+46 70 732 42 88<\/p>\n\t\t\t<\/div>\n\t\t<\/div>\n\t<\/div>\n\n<\/div>\n<\/div>\n<\/div>\n\n\n\n<div class=\"wp-block-column is-layout-flow wp-block-column-is-layout-flow\" style=\"flex-basis:33.33%\"><\/div>\n<\/div>\n<\/div><\/div>\n\n\n\n<div class=\"wp-block-columns is-layout-flex wp-container-core-columns-is-layout-9d6595d7 wp-block-columns-is-layout-flex\">\n<div class=\"wp-block-column is-layout-flow wp-block-column-is-layout-flow\">\n<h2 class=\"wp-block-heading\">Hitta till oss<\/h2>\n<\/div>\n\n\n\n<div class=\"wp-block-column is-layout-flow wp-block-column-is-layout-flow\">\n<pre class=\"wp-block-hw-ingress-box\">MedTechLabs finns i Bioclinicum, ett nav f\u00f6r den kliniska forskningen f\u00f6r att \u00f6ka integrationen mellan forskning, utbildning och v\u00e5rd.<\/pre>\n<\/div>\n<\/div>\n\n\n\n<div class=\"wp-block-group\"><div class=\"wp-block-group__inner-container is-layout-constrained wp-block-group-is-layout-constrained\"><div class=\"hw-map\">\n\t\t\t<div data-elementor-type=\"section\" data-elementor-id=\"715\" class=\"elementor elementor-715\" data-elementor-post-type=\"elementor_library\">\n\t\t\t\t\t<section class=\"elementor-section elementor-top-section elementor-element elementor-element-3a79399 elementor-section-boxed elementor-section-height-default elementor-section-height-default\" data-id=\"3a79399\" data-element_type=\"section\" data-e-type=\"section\">\n\t\t\t\t\t\t<div class=\"elementor-container elementor-column-gap-default\">\n\t\t\t\t\t<div class=\"elementor-column elementor-col-100 elementor-top-column elementor-element elementor-element-fbab9e9\" data-id=\"fbab9e9\" data-element_type=\"column\" data-e-type=\"column\">\n\t\t\t<div class=\"elementor-widget-wrap elementor-element-populated\">\n\t\t\t\t\t\t<div class=\"elementor-element elementor-element-50a57d0 elementor-widget elementor-widget-google_maps\" data-id=\"50a57d0\" data-element_type=\"widget\" data-e-type=\"widget\" data-widget_type=\"google_maps.default\">\n\t\t\t\t<div class=\"elementor-widget-container\">\n\t\t\t\t\t\t\t<div class=\"elementor-custom-embed\">\n\t\t\t<iframe loading=\"lazy\"\n\t\t\t\t\tsrc=\"https:\/\/maps.google.com\/maps?q=Karolinska%20Universitetssjukhuset%2C%20Eugeniav%C3%A4gen%203%2C%20171%2076%20Solna%2C%20Sverige&#038;t=m&#038;z=14&#038;output=embed&#038;iwloc=near\"\n\t\t\t\t\ttitle=\"Karolinska Universitetssjukhuset, Eugeniav\u00e4gen 3, 171 76 Solna, Sverige\"\n\t\t\t\t\taria-label=\"Karolinska Universitetssjukhuset, Eugeniav\u00e4gen 3, 171 76 Solna, Sverige\"\n\t\t\t><\/iframe>\n\t\t<\/div>\n\t\t\t\t\t\t<\/div>\n\t\t\t\t<\/div>\n\t\t\t\t\t<\/div>\n\t\t<\/div>\n\t\t\t\t\t<\/div>\n\t\t<\/section>\n\t\t\t\t<\/div>\n\t\t\t<\/div>\n\t\n<\/div><\/div>\n","protected":false},"excerpt":{"rendered":"<p>Kontaktuppgifter Kontakta oss g\u00e4rna f\u00f6r allm\u00e4n information om centret och v\u00e5r forskning. F\u00f6r kontakt med v\u00e5ra forskningsledare, klicka h\u00e4r. Hitta till oss<\/p>\n","protected":false},"author":1,"featured_media":366,"parent":0,"menu_order":0,"comment_status":"closed","ping_status":"closed","template":"","meta":{"_acf_changed":false,"footnotes":""},"class_list":["post-1541","page","type-page","status-publish","has-post-thumbnail","hentry"],"acf":[],"yoast_head":"<!-- This site is optimized with the Yoast SEO plugin v27.1 - https:\/\/yoast.com\/product\/yoast-seo-wordpress\/ -->\n<title>Kontakt - Medtechlabs Kontaktuppgifter<\/title>\n<meta name=\"description\" content=\"Kontaktuppgifter till MedTechLabs. Vi ser g\u00e4rna att du h\u00f6r av dig till oss f\u00f6r information och nyheter om v\u00e5r forskning och verksamhet.\" \/>\n<meta name=\"robots\" content=\"index, follow, max-snippet:-1, max-image-preview:large, max-video-preview:-1\" \/>\n<link rel=\"canonical\" href=\"https:\/\/www.medtechlabs.se\/sv\/kontakt\/\" \/>\n<meta property=\"og:locale\" content=\"sv_SE\" \/>\n<meta property=\"og:type\" content=\"article\" \/>\n<meta property=\"og:title\" content=\"Kontakt - Medtechlabs Kontaktuppgifter\" \/>\n<meta property=\"og:description\" content=\"Kontaktuppgifter till MedTechLabs. Vi ser g\u00e4rna att du h\u00f6r av dig till oss f\u00f6r information och nyheter om v\u00e5r forskning och verksamhet.\" \/>\n<meta property=\"og:url\" content=\"https:\/\/www.medtechlabs.se\/sv\/kontakt\/\" \/>\n<meta property=\"og:site_name\" content=\"Medtechlabs\" \/>\n<meta property=\"article:modified_time\" content=\"2024-06-14T09:45:36+00:00\" \/>\n<meta property=\"og:image\" content=\"https:\/\/www.medtechlabs.se\/wp-content\/uploads\/2023\/03\/1000px_F_P5M0491-1.jpeg\" \/>\n\t<meta property=\"og:image:width\" content=\"1500\" \/>\n\t<meta property=\"og:image:height\" content=\"1000\" \/>\n\t<meta property=\"og:image:type\" content=\"image\/jpeg\" \/>\n<meta name=\"twitter:card\" content=\"summary_large_image\" \/>\n<meta name=\"twitter:label1\" content=\"Ber\u00e4knad l\u00e4stid\" \/>\n\t<meta name=\"twitter:data1\" content=\"1 minut\" \/>\n<script type=\"application\/ld+json\" class=\"yoast-schema-graph\">{\"@context\":\"https:\/\/schema.org\",\"@graph\":[{\"@type\":\"WebPage\",\"@id\":\"https:\/\/www.medtechlabs.se\/sv\/kontakt\/\",\"url\":\"https:\/\/www.medtechlabs.se\/sv\/kontakt\/\",\"name\":\"Kontakt - Medtechlabs Kontaktuppgifter\",\"isPartOf\":{\"@id\":\"https:\/\/www.medtechlabs.se\/sv\/#website\"},\"primaryImageOfPage\":{\"@id\":\"https:\/\/www.medtechlabs.se\/sv\/kontakt\/#primaryimage\"},\"image\":{\"@id\":\"https:\/\/www.medtechlabs.se\/sv\/kontakt\/#primaryimage\"},\"thumbnailUrl\":\"https:\/\/www.medtechlabs.se\/wp-content\/uploads\/2023\/03\/1000px_F_P5M0491-1.jpeg\",\"datePublished\":\"2023-02-10T12:17:41+00:00\",\"dateModified\":\"2024-06-14T09:45:36+00:00\",\"description\":\"Kontaktuppgifter till MedTechLabs. Vi ser g\u00e4rna att du h\u00f6r av dig till oss f\u00f6r information och nyheter om v\u00e5r forskning och verksamhet.\",\"breadcrumb\":{\"@id\":\"https:\/\/www.medtechlabs.se\/sv\/kontakt\/#breadcrumb\"},\"inLanguage\":\"sv-SE\",\"potentialAction\":[{\"@type\":\"ReadAction\",\"target\":[\"https:\/\/www.medtechlabs.se\/sv\/kontakt\/\"]}]},{\"@type\":\"ImageObject\",\"inLanguage\":\"sv-SE\",\"@id\":\"https:\/\/www.medtechlabs.se\/sv\/kontakt\/#primaryimage\",\"url\":\"https:\/\/www.medtechlabs.se\/wp-content\/uploads\/2023\/03\/1000px_F_P5M0491-1.jpeg\",\"contentUrl\":\"https:\/\/www.medtechlabs.se\/wp-content\/uploads\/2023\/03\/1000px_F_P5M0491-1.jpeg\",\"width\":1500,\"height\":1000},{\"@type\":\"BreadcrumbList\",\"@id\":\"https:\/\/www.medtechlabs.se\/sv\/kontakt\/#breadcrumb\",\"itemListElement\":[{\"@type\":\"ListItem\",\"position\":1,\"name\":\"Home\",\"item\":\"https:\/\/www.medtechlabs.se\/sv\/\"},{\"@type\":\"ListItem\",\"position\":2,\"name\":\"Kontakt\"}]},{\"@type\":\"WebSite\",\"@id\":\"https:\/\/www.medtechlabs.se\/sv\/#website\",\"url\":\"https:\/\/www.medtechlabs.se\/sv\/\",\"name\":\"Medtechlabs\",\"description\":\"\",\"publisher\":{\"@id\":\"https:\/\/www.medtechlabs.se\/sv\/#organization\"},\"potentialAction\":[{\"@type\":\"SearchAction\",\"target\":{\"@type\":\"EntryPoint\",\"urlTemplate\":\"https:\/\/www.medtechlabs.se\/sv\/?s={search_term_string}\"},\"query-input\":{\"@type\":\"PropertyValueSpecification\",\"valueRequired\":true,\"valueName\":\"search_term_string\"}}],\"inLanguage\":\"sv-SE\"},{\"@type\":\"Organization\",\"@id\":\"https:\/\/www.medtechlabs.se\/sv\/#organization\",\"name\":\"Medtechlabs\",\"url\":\"https:\/\/www.medtechlabs.se\/sv\/\",\"logo\":{\"@type\":\"ImageObject\",\"inLanguage\":\"sv-SE\",\"@id\":\"https:\/\/www.medtechlabs.se\/sv\/#\/schema\/logo\/image\/\",\"url\":\"https:\/\/www.medtechlabs.se\/wp-content\/uploads\/2023\/02\/medtechlabs_logo_RGB_orange-65.png\",\"contentUrl\":\"https:\/\/www.medtechlabs.se\/wp-content\/uploads\/2023\/02\/medtechlabs_logo_RGB_orange-65.png\",\"width\":480,\"height\":60,\"caption\":\"Medtechlabs\"},\"image\":{\"@id\":\"https:\/\/www.medtechlabs.se\/sv\/#\/schema\/logo\/image\/\"}}]}<\/script>\n<!-- \/ Yoast SEO plugin. -->","yoast_head_json":{"title":"Kontakt - Medtechlabs Kontaktuppgifter","description":"Kontaktuppgifter till MedTechLabs. Vi ser g\u00e4rna att du h\u00f6r av dig till oss f\u00f6r information och nyheter om v\u00e5r forskning och verksamhet.","robots":{"index":"index","follow":"follow","max-snippet":"max-snippet:-1","max-image-preview":"max-image-preview:large","max-video-preview":"max-video-preview:-1"},"canonical":"https:\/\/www.medtechlabs.se\/sv\/kontakt\/","og_locale":"sv_SE","og_type":"article","og_title":"Kontakt - Medtechlabs Kontaktuppgifter","og_description":"Kontaktuppgifter till MedTechLabs. Vi ser g\u00e4rna att du h\u00f6r av dig till oss f\u00f6r information och nyheter om v\u00e5r forskning och verksamhet.","og_url":"https:\/\/www.medtechlabs.se\/sv\/kontakt\/","og_site_name":"Medtechlabs","article_modified_time":"2024-06-14T09:45:36+00:00","og_image":[{"width":1500,"height":1000,"url":"https:\/\/www.medtechlabs.se\/wp-content\/uploads\/2023\/03\/1000px_F_P5M0491-1.jpeg","type":"image\/jpeg"}],"twitter_card":"summary_large_image","twitter_misc":{"Ber\u00e4knad l\u00e4stid":"1 minut"},"schema":{"@context":"https:\/\/schema.org","@graph":[{"@type":"WebPage","@id":"https:\/\/www.medtechlabs.se\/sv\/kontakt\/","url":"https:\/\/www.medtechlabs.se\/sv\/kontakt\/","name":"Kontakt - Medtechlabs Kontaktuppgifter","isPartOf":{"@id":"https:\/\/www.medtechlabs.se\/sv\/#website"},"primaryImageOfPage":{"@id":"https:\/\/www.medtechlabs.se\/sv\/kontakt\/#primaryimage"},"image":{"@id":"https:\/\/www.medtechlabs.se\/sv\/kontakt\/#primaryimage"},"thumbnailUrl":"https:\/\/www.medtechlabs.se\/wp-content\/uploads\/2023\/03\/1000px_F_P5M0491-1.jpeg","datePublished":"2023-02-10T12:17:41+00:00","dateModified":"2024-06-14T09:45:36+00:00","description":"Kontaktuppgifter till MedTechLabs. Vi ser g\u00e4rna att du h\u00f6r av dig till oss f\u00f6r information och nyheter om v\u00e5r forskning och verksamhet.","breadcrumb":{"@id":"https:\/\/www.medtechlabs.se\/sv\/kontakt\/#breadcrumb"},"inLanguage":"sv-SE","potentialAction":[{"@type":"ReadAction","target":["https:\/\/www.medtechlabs.se\/sv\/kontakt\/"]}]},{"@type":"ImageObject","inLanguage":"sv-SE","@id":"https:\/\/www.medtechlabs.se\/sv\/kontakt\/#primaryimage","url":"https:\/\/www.medtechlabs.se\/wp-content\/uploads\/2023\/03\/1000px_F_P5M0491-1.jpeg","contentUrl":"https:\/\/www.medtechlabs.se\/wp-content\/uploads\/2023\/03\/1000px_F_P5M0491-1.jpeg","width":1500,"height":1000},{"@type":"BreadcrumbList","@id":"https:\/\/www.medtechlabs.se\/sv\/kontakt\/#breadcrumb","itemListElement":[{"@type":"ListItem","position":1,"name":"Home","item":"https:\/\/www.medtechlabs.se\/sv\/"},{"@type":"ListItem","position":2,"name":"Kontakt"}]},{"@type":"WebSite","@id":"https:\/\/www.medtechlabs.se\/sv\/#website","url":"https:\/\/www.medtechlabs.se\/sv\/","name":"Medtechlabs","description":"","publisher":{"@id":"https:\/\/www.medtechlabs.se\/sv\/#organization"},"potentialAction":[{"@type":"SearchAction","target":{"@type":"EntryPoint","urlTemplate":"https:\/\/www.medtechlabs.se\/sv\/?s={search_term_string}"},"query-input":{"@type":"PropertyValueSpecification","valueRequired":true,"valueName":"search_term_string"}}],"inLanguage":"sv-SE"},{"@type":"Organization","@id":"https:\/\/www.medtechlabs.se\/sv\/#organization","name":"Medtechlabs","url":"https:\/\/www.medtechlabs.se\/sv\/","logo":{"@type":"ImageObject","inLanguage":"sv-SE","@id":"https:\/\/www.medtechlabs.se\/sv\/#\/schema\/logo\/image\/","url":"https:\/\/www.medtechlabs.se\/wp-content\/uploads\/2023\/02\/medtechlabs_logo_RGB_orange-65.png","contentUrl":"https:\/\/www.medtechlabs.se\/wp-content\/uploads\/2023\/02\/medtechlabs_logo_RGB_orange-65.png","width":480,"height":60,"caption":"Medtechlabs"},"image":{"@id":"https:\/\/www.medtechlabs.se\/sv\/#\/schema\/logo\/image\/"}}]}},"_links":{"self":[{"href":"https:\/\/www.medtechlabs.se\/sv\/wp-json\/wp\/v2\/pages\/1541","targetHints":{"allow":["GET"]}}],"collection":[{"href":"https:\/\/www.medtechlabs.se\/sv\/wp-json\/wp\/v2\/pages"}],"about":[{"href":"https:\/\/www.medtechlabs.se\/sv\/wp-json\/wp\/v2\/types\/page"}],"author":[{"embeddable":true,"href":"https:\/\/www.medtechlabs.se\/sv\/wp-json\/wp\/v2\/users\/1"}],"replies":[{"embeddable":true,"href":"https:\/\/www.medtechlabs.se\/sv\/wp-json\/wp\/v2\/comments?post=1541"}],"version-history":[{"count":23,"href":"https:\/\/www.medtechlabs.se\/sv\/wp-json\/wp\/v2\/pages\/1541\/revisions"}],"predecessor-version":[{"id":2925,"href":"https:\/\/www.medtechlabs.se\/sv\/wp-json\/wp\/v2\/pages\/1541\/revisions\/2925"}],"wp:featuredmedia":[{"embeddable":true,"href":"https:\/\/www.medtechlabs.se\/sv\/wp-json\/wp\/v2\/media\/366"}],"wp:attachment":[{"href":"https:\/\/www.medtechlabs.se\/sv\/wp-json\/wp\/v2\/media?parent=1541"}],"curies":[{"name":"wp","href":"https:\/\/api.w.org\/{rel}","templated":true}]}}