{"id":1730,"date":"2023-02-10T13:16:29","date_gmt":"2023-02-10T12:16:29","guid":{"rendered":"http:\/\/mtl.hamstage.hamrenmedia.se\/?page_id=1730"},"modified":"2023-05-03T10:13:29","modified_gmt":"2023-05-03T08:13:29","slug":"seminarier","status":"publish","type":"page","link":"https:\/\/www.medtechlabs.se\/sv\/nyheter\/seminarier\/","title":{"rendered":"Seminarier"},"content":{"rendered":"\n<pre class=\"wp-block-hw-ingress-box\">MedTechLabs anv\u00e4nder seminarier och on-line utbildningsmoduler f\u00f6r snabb kunskaps\u00f6verf\u00f6ring<\/pre>\n\n\n\n<div class=\"wp-block-group\"><div class=\"wp-block-group__inner-container is-layout-constrained wp-block-group-is-layout-constrained\">\n<div class=\"wp-block-columns is-layout-flex wp-container-core-columns-is-layout-9d6595d7 wp-block-columns-is-layout-flex\">\n<div class=\"wp-block-column is-layout-flow wp-block-column-is-layout-flow\">\n<h2 class=\"wp-block-heading\">Filter<\/h2>\n\n\n<form data-sf-form-id='1743' data-is-rtl='0' data-maintain-state='' data-results-url='https:\/\/www.medtechlabs.se\/sv\/nyheter\/seminarier\/' data-ajax-url='https:\/\/www.medtechlabs.se\/sv\/?sfid=1743&amp;sf_action=get_data&amp;sf_data=results' data-ajax-form-url='https:\/\/www.medtechlabs.se\/sv\/?sfid=1743&amp;sf_action=get_data&amp;sf_data=form' data-display-result-method='shortcode' data-use-history-api='1' data-template-loaded='0' data-lang-code='sv' data-ajax='1' data-ajax-data-type='json' data-ajax-links-selector='.pagination a' data-ajax-target='#search-filter-results-1743' data-ajax-pagination-type='normal' data-update-ajax-url='1' data-only-results-ajax='1' data-scroll-to-pos='0' data-init-paged='1' data-auto-update='1' action='https:\/\/www.medtechlabs.se\/sv\/nyheter\/seminarier\/' method='post' class='searchandfilter' id='search-filter-form-1743' autocomplete='off' data-instance-count='1'><ul><li class=\"sf-field-taxonomy-seminar_category\" data-sf-field-name=\"_sft_seminar_category\" data-sf-field-type=\"taxonomy\" data-sf-field-input-type=\"checkbox\">\t\t<ul data-operator=\"and\" class=\"\">\n\t\t\t\t\t  <li class=\"sf-level-0 sf-item-71\" data-sf-count=\"1\" data-sf-depth=\"0\"><input  class=\"sf-input-checkbox\" type=\"checkbox\" value=\"within-program-breast-cancer-imaging-powered-by-artificial-intelligence-diagnostics-sv\" name=\"_sft_seminar_category[]\" id=\"sf-input-53a8dc03f138075a564a9c0fab07b87b\"><label class=\"sf-label-checkbox\" for=\"sf-input-53a8dc03f138075a564a9c0fab07b87b\">Avbildning och diagnos av br\u00f6stcancer med st\u00f6d av artificiell intelligens<\/label><\/li><li class=\"sf-level-0 sf-item-73\" data-sf-count=\"3\" data-sf-depth=\"0\"><input  class=\"sf-input-checkbox\" type=\"checkbox\" value=\"overall-sv\" name=\"_sft_seminar_category[]\" id=\"sf-input-a1d394355d2f147f6470c388dfccb7fd\"><label class=\"sf-label-checkbox\" for=\"sf-input-a1d394355d2f147f6470c388dfccb7fd\">\u00d6vergripande<\/label><\/li><li class=\"sf-level-0 sf-item-138\" data-sf-count=\"1\" data-sf-depth=\"0\"><input  class=\"sf-input-checkbox\" type=\"checkbox\" value=\"radiology\" name=\"_sft_seminar_category[]\" id=\"sf-input-acd1e1d89068b60c529632838a4ef09c\"><label class=\"sf-label-checkbox\" for=\"sf-input-acd1e1d89068b60c529632838a4ef09c\">Radiology<\/label><\/li><li class=\"sf-level-0 sf-item-72\" data-sf-count=\"6\" data-sf-depth=\"0\"><input  class=\"sf-input-checkbox\" type=\"checkbox\" value=\"within-program-spectral-ct-och-endovascular-techniques-sv\" name=\"_sft_seminar_category[]\" id=\"sf-input-d40476574b8cae634356fe1d8f3b21d3\"><label class=\"sf-label-checkbox\" for=\"sf-input-d40476574b8cae634356fe1d8f3b21d3\">Spektral CT-avbildning och Endovaskul\u00e4ra tekniker<\/label><\/li>\t\t<\/ul>\n\t\t<\/li><\/ul><\/form>\n<\/div>\n\n\n\n<div class=\"wp-block-column is-layout-flow wp-block-column-is-layout-flow\">\n<figure class=\"wp-block-embed is-type-video is-provider-youtube wp-block-embed-youtube wp-embed-aspect-4-3 wp-has-aspect-ratio\"><div class=\"wp-block-embed__wrapper\">\n<iframe title=\"MedTechLabs Seminar | Spectral imaging and abdominal oncology: current appl.  and ongoing questions\" width=\"500\" height=\"375\" src=\"https:\/\/www.youtube.com\/embed\/uVTI-S9TIyw?feature=oembed\" frameborder=\"0\" allow=\"accelerometer; autoplay; clipboard-write; encrypted-media; gyroscope; picture-in-picture; web-share\" referrerpolicy=\"strict-origin-when-cross-origin\" allowfullscreen><\/iframe>\n<\/div><\/figure>\n<\/div>\n<\/div>\n<\/div><\/div>\n\n\n<div class=\"search-filter-results\" id=\"search-filter-results-1743\">\t<div class=\"grid-item-wrapper col-3\">\r\n\t\n<div class=\"grid-item seminar\">\n\t<div class=\"upper\">\n\t\t<div class='post-img'><img src='\/wp-content\/uploads\/2023\/03\/placeholder-mtl.png'><\/div>\t\t<div class=\"post-content\">\n\t\t\t\t<span>Seminarium<\/span><\/tag>\t\t\t<h3 class=\"post-title\"><a href=\"https:\/\/www.medtechlabs.se\/sv\/seminar\/computed-tomography-will-photon-counting-ct-and-ai-define-the-future-or-create-chaos\/\">\u201dComputed Tomography: Will Photon Counting CT and AI Define the Future or Create Chaos?\u201d<\/a><\/h3>\n\t\t\t<p class=\"post-ingress\">\n\t\t\t\t\t\t\t\t\t\t\t\t\t\t\t<\/p>\n\t\t<\/div>\n\t<\/div>\n\t<div class=\"lower\">\n\t\t<a class=\"post-link\" href=\"https:\/\/www.medtechlabs.se\/sv\/seminar\/computed-tomography-will-photon-counting-ct-and-ai-define-the-future-or-create-chaos\/\">\n\t\tL\u00e4s mer\t\t<\/a>\n\t<\/div>\n<\/div>\n<div class=\"grid-item seminar\">\n\t<div class=\"upper\">\n\t\t<div class='post-img'><img src='\/wp-content\/uploads\/2023\/03\/placeholder-mtl.png'><\/div>\t\t<div class=\"post-content\">\n\t\t\t\t<span>Seminarium<\/span><\/tag>\t\t\t<h3 class=\"post-title\"><a href=\"https:\/\/www.medtechlabs.se\/sv\/seminar\/living-at-the-k-edge\/\">\u00a0\u201cLiving at the K-edge\u201d<\/a><\/h3>\n\t\t\t<p class=\"post-ingress\">\n\t\t\t\t\t\t\t\t\t\t\t\t\t\t\t<\/p>\n\t\t<\/div>\n\t<\/div>\n\t<div class=\"lower\">\n\t\t<a class=\"post-link\" href=\"https:\/\/www.medtechlabs.se\/sv\/seminar\/living-at-the-k-edge\/\">\n\t\tL\u00e4s mer\t\t<\/a>\n\t<\/div>\n<\/div>\n<div class=\"grid-item seminar\">\n\t<div class=\"upper\">\n\t\t<div class='post-img'><img fetchpriority=\"high\" decoding=\"async\" width=\"1023\" height=\"1024\" src=\"https:\/\/www.medtechlabs.se\/wp-content\/uploads\/2024\/10\/Demystifying_AI_2.png\" class=\"attachment-post-thumbnail size-post-thumbnail wp-post-image\" alt=\"\" srcset=\"https:\/\/www.medtechlabs.se\/wp-content\/uploads\/2024\/10\/Demystifying_AI_2.png 1023w, https:\/\/www.medtechlabs.se\/wp-content\/uploads\/2024\/10\/Demystifying_AI_2-300x300.png 300w, https:\/\/www.medtechlabs.se\/wp-content\/uploads\/2024\/10\/Demystifying_AI_2-150x150.png 150w, https:\/\/www.medtechlabs.se\/wp-content\/uploads\/2024\/10\/Demystifying_AI_2-768x769.png 768w, https:\/\/www.medtechlabs.se\/wp-content\/uploads\/2024\/10\/Demystifying_AI_2-600x601.png 600w\" sizes=\"(max-width: 1023px) 100vw, 1023px\" \/><\/div>\t\t<div class=\"post-content\">\n\t\t\t\t<span>Seminarium<\/span><\/tag>\t\t\t<h3 class=\"post-title\"><a href=\"https:\/\/www.medtechlabs.se\/sv\/seminar\/mostly-harmless-llms-demystifying-chatgpt\/\">Mostly Harmless LLMs: Demystifying ChatGPT<\/a><\/h3>\n\t\t\t<p class=\"post-ingress\">\n\t\t\t\t\t\t\t\t<span><i class=\"fa-regular fa-clock\"><\/i>2024-11-05<\/span>\n\t\t\t\t\t\t\t\t\t\t\t\t<span><i class=\"fa-solid fa-map-pin\"><\/i>Seminar room FA32, Albanova Main building, 3rd floor, Roslagstullsbacken 21<\/span>\n\t\t\t\t\t\t\t\t\t\t\t<\/p>\n\t\t<\/div>\n\t<\/div>\n\t<div class=\"lower\">\n\t\t<a class=\"post-link\" href=\"https:\/\/www.medtechlabs.se\/sv\/seminar\/mostly-harmless-llms-demystifying-chatgpt\/\">\n\t\tL\u00e4s mer\t\t<\/a>\n\t<\/div>\n<\/div>\n<div class=\"grid-item seminar\">\n\t<div class=\"upper\">\n\t\t<div class='post-img'><img decoding=\"async\" width=\"500\" height=\"500\" src=\"https:\/\/www.medtechlabs.se\/wp-content\/uploads\/2024\/09\/Langlotz.jpg\" class=\"attachment-post-thumbnail size-post-thumbnail wp-post-image\" alt=\"\" srcset=\"https:\/\/www.medtechlabs.se\/wp-content\/uploads\/2024\/09\/Langlotz.jpg 500w, https:\/\/www.medtechlabs.se\/wp-content\/uploads\/2024\/09\/Langlotz-300x300.jpg 300w, https:\/\/www.medtechlabs.se\/wp-content\/uploads\/2024\/09\/Langlotz-150x150.jpg 150w\" sizes=\"(max-width: 500px) 100vw, 500px\" \/><\/div>\t\t<div class=\"post-content\">\n\t\t\t\t<span>Seminarium<\/span><\/tag>\t\t\t<h3 class=\"post-title\"><a href=\"https:\/\/www.medtechlabs.se\/sv\/seminar\/radiologins-framtid-i-en-tid-av-artificiell-intelligens\/\">Radiologins framtid i en tid av artificiell intelligens<\/a><\/h3>\n\t\t\t<p class=\"post-ingress\">\n\t\t\t\t\t\t\t\t<span><i class=\"fa-regular fa-clock\"><\/i>2024-10-15, 12.00-13.00 <\/span>\n\t\t\t\t\t\t\t\t\t\t\t\t<span><i class=\"fa-solid fa-map-pin\"><\/i>Nobel Forum, Nobels v\u00e4g 1, Karolinska Institutet<\/span>\n\t\t\t\t\t\t\t\t\t\t\t\t<span><i class=\"fa-solid fa-users\"><\/i>Curtis P. Langlotz<\/span>\n\t\t\t\t\t\t\t<\/p>\n\t\t<\/div>\n\t<\/div>\n\t<div class=\"lower\">\n\t\t<a class=\"post-link\" href=\"https:\/\/www.medtechlabs.se\/sv\/seminar\/radiologins-framtid-i-en-tid-av-artificiell-intelligens\/\">\n\t\tL\u00e4s mer\t\t<\/a>\n\t<\/div>\n<\/div>\n<div class=\"grid-item seminar\">\n\t<div class=\"upper\">\n\t\t<div class='post-img'><img src='\/wp-content\/uploads\/2023\/03\/placeholder-mtl.png'><\/div>\t\t<div class=\"post-content\">\n\t\t\t\t<span>Seminarium<\/span><\/tag>\t\t\t<h3 class=\"post-title\"><a href=\"https:\/\/www.medtechlabs.se\/sv\/seminar\/seminarium-kristalltillvaxt-och-karakterisering-av-cdte-for-stralningsdetektorer\/\">Seminarium | Kristalltillv\u00e4xt och karakterisering av CdTe f\u00f6r str\u00e5lningsdetektorer<\/a><\/h3>\n\t\t\t<p class=\"post-ingress\">\n\t\t\t\t\t\t\t\t\t\t\t\t\t\t\t<\/p>\n\t\t<\/div>\n\t<\/div>\n\t<div class=\"lower\">\n\t\t<a class=\"post-link\" href=\"https:\/\/www.medtechlabs.se\/sv\/seminar\/seminarium-kristalltillvaxt-och-karakterisering-av-cdte-for-stralningsdetektorer\/\">\n\t\tL\u00e4s mer\t\t<\/a>\n\t<\/div>\n<\/div>\n<div class=\"grid-item seminar\">\n\t<div class=\"upper\">\n\t\t<div class='post-img'><img decoding=\"async\" width=\"1280\" height=\"776\" src=\"https:\/\/www.medtechlabs.se\/wp-content\/uploads\/2024\/05\/Collage_Behling.jpg\" class=\"attachment-post-thumbnail size-post-thumbnail wp-post-image\" alt=\"\" srcset=\"https:\/\/www.medtechlabs.se\/wp-content\/uploads\/2024\/05\/Collage_Behling.jpg 1280w, https:\/\/www.medtechlabs.se\/wp-content\/uploads\/2024\/05\/Collage_Behling-300x182.jpg 300w, https:\/\/www.medtechlabs.se\/wp-content\/uploads\/2024\/05\/Collage_Behling-1024x621.jpg 1024w, https:\/\/www.medtechlabs.se\/wp-content\/uploads\/2024\/05\/Collage_Behling-768x466.jpg 768w, https:\/\/www.medtechlabs.se\/wp-content\/uploads\/2024\/05\/Collage_Behling-600x364.jpg 600w\" sizes=\"(max-width: 1280px) 100vw, 1280px\" \/><\/div>\t\t<div class=\"post-content\">\n\t\t\t\t<span>Seminarium<\/span><\/tag>\t\t\t<h3 class=\"post-title\"><a href=\"https:\/\/www.medtechlabs.se\/sv\/seminar\/seminarium-moderna-diagnostiska-rontgenkallor\/\">Seminarium: Moderna diagnostiska r\u00f6ntgenk\u00e4llor<\/a><\/h3>\n\t\t\t<p class=\"post-ingress\">\n\t\t\t\t\t\t\t\t\t\t\t\t\t\t\t<\/p>\n\t\t<\/div>\n\t<\/div>\n\t<div class=\"lower\">\n\t\t<a class=\"post-link\" href=\"https:\/\/www.medtechlabs.se\/sv\/seminar\/seminarium-moderna-diagnostiska-rontgenkallor\/\">\n\t\tL\u00e4s mer\t\t<\/a>\n\t<\/div>\n<\/div>\n<div class=\"grid-item seminar\">\n\t<div class=\"upper\">\n\t\t<div class='post-img'><img loading=\"lazy\" decoding=\"async\" width=\"170\" height=\"219\" src=\"https:\/\/www.medtechlabs.se\/wp-content\/uploads\/2021\/10\/profnorbert.jpeg\" class=\"attachment-post-thumbnail size-post-thumbnail wp-post-image\" alt=\"\" \/><\/div>\t\t<div class=\"post-content\">\n\t\t\t\t<span>Seminarium<\/span><\/tag>\t\t\t<h3 class=\"post-title\"><a href=\"https:\/\/www.medtechlabs.se\/sv\/seminar\/early-technical-history-of-medical-x-ray-ct\/\">Early Technical History of Medical X-ray CT.<\/a><\/h3>\n\t\t\t<p class=\"post-ingress\">\n\t\t\t\t\t\t\t\t<span><i class=\"fa-regular fa-clock\"><\/i>2023-03-29 kl 14.00<\/span>\n\t\t\t\t\t\t\t\t\t\t\t\t<span><i class=\"fa-solid fa-map-pin\"><\/i>FR4, AlbaNova, Roslagstullsbacken 21, and on-line<\/span>\n\t\t\t\t\t\t\t\t\t\t\t\t<span><i class=\"fa-solid fa-users\"><\/i>Norbert Pelc, Professor of Radiology, Emeritus, Stanford University<\/span>\n\t\t\t\t\t\t\t<\/p>\n\t\t<\/div>\n\t<\/div>\n\t<div class=\"lower\">\n\t\t<a class=\"post-link\" href=\"https:\/\/www.medtechlabs.se\/sv\/seminar\/early-technical-history-of-medical-x-ray-ct\/\">\n\t\tL\u00e4s mer\t\t<\/a>\n\t<\/div>\n<\/div>\n<div class=\"grid-item seminar\">\n\t<div class=\"upper\">\n\t\t<div class='post-img'><img src='\/wp-content\/uploads\/2023\/03\/placeholder-mtl.png'><\/div>\t\t<div class=\"post-content\">\n\t\t\t\t<span>Seminarium<\/span><\/tag>\t\t\t<h3 class=\"post-title\"><a href=\"https:\/\/www.medtechlabs.se\/sv\/seminar\/2020-12-11\/\">The Accidental Biotechnologist -Lessons Learned<\/a><\/h3>\n\t\t\t<p class=\"post-ingress\">\n\t\t\t\t\t\t\t\t<span><i class=\"fa-regular fa-clock\"><\/i>2020-12-11<\/span>\n\t\t\t\t\t\t\t\t\t\t\t\t\t\t\t\t<span><i class=\"fa-solid fa-users\"><\/i>Professor Kenneth R. Chien<\/span>\n\t\t\t\t\t\t\t<\/p>\n\t\t<\/div>\n\t<\/div>\n\t<div class=\"lower\">\n\t\t<a class=\"post-link\" href=\"https:\/\/www.medtechlabs.se\/sv\/seminar\/2020-12-11\/\">\n\t\tL\u00e4s mer\t\t<\/a>\n\t<\/div>\n<\/div>\n<div class=\"grid-item seminar\">\n\t<div class=\"upper\">\n\t\t<div class='post-img'><img src='\/wp-content\/uploads\/2023\/03\/placeholder-mtl.png'><\/div>\t\t<div class=\"post-content\">\n\t\t\t\t<span>Seminarium<\/span><\/tag>\t\t\t<h3 class=\"post-title\"><a href=\"https:\/\/www.medtechlabs.se\/sv\/seminar\/2021-03-19\/\">How does the new Medical Device Regulation (MDR) affect research?<\/a><\/h3>\n\t\t\t<p class=\"post-ingress\">\n\t\t\t\t\t\t\t\t<span><i class=\"fa-regular fa-clock\"><\/i>2021-03-19<\/span>\n\t\t\t\t\t\t\t\t\t\t\t\t\t\t\t\t<span><i class=\"fa-solid fa-users\"><\/i>Dr. Elin Karlberg<\/span>\n\t\t\t\t\t\t\t<\/p>\n\t\t<\/div>\n\t<\/div>\n\t<div class=\"lower\">\n\t\t<a class=\"post-link\" href=\"https:\/\/www.medtechlabs.se\/sv\/seminar\/2021-03-19\/\">\n\t\tL\u00e4s mer\t\t<\/a>\n\t<\/div>\n<\/div>\n<div class=\"grid-item seminar\">\n\t<div class=\"upper\">\n\t\t<div class='post-img'><img src='\/wp-content\/uploads\/2023\/03\/placeholder-mtl.png'><\/div>\t\t<div class=\"post-content\">\n\t\t\t\t<span>Seminarium<\/span><\/tag>\t\t\t<h3 class=\"post-title\"><a href=\"https:\/\/www.medtechlabs.se\/sv\/seminar\/2021-04-29\/\">The power of innovation: Valuation of research initiatives &#8211; top class results for MedTechLabs<\/a><\/h3>\n\t\t\t<p class=\"post-ingress\">\n\t\t\t\t\t\t\t\t<span><i class=\"fa-regular fa-clock\"><\/i>2021-04-29<\/span>\n\t\t\t\t\t\t\t\t\t\t\t\t\t\t\t\t<span><i class=\"fa-solid fa-users\"><\/i>M\u00e5ns Marklund<\/span>\n\t\t\t\t\t\t\t<\/p>\n\t\t<\/div>\n\t<\/div>\n\t<div class=\"lower\">\n\t\t<a class=\"post-link\" href=\"https:\/\/www.medtechlabs.se\/sv\/seminar\/2021-04-29\/\">\n\t\tL\u00e4s mer\t\t<\/a>\n\t<\/div>\n<\/div>\t<\/div> <!-- end grid item wrapper -->\r\n\t\r\n\t<!-- \tPagination using the wp_pagenavi plugin -->\r\n\t\t<div class='wp-pagenavi' role='navigation'>\n<span class='pages'>Sida 1 av 2<\/span><span aria-current='page' class='current'>1<\/span><a class=\"page larger\" title=\"Sida 2\" href=\"https:\/\/www.medtechlabs.se\/sv\/nyheter\/seminarier\/?sf_paged=2\">2<\/a><a class=\"nextpostslink\" rel=\"next\" aria-label=\"N\u00e4sta sida\" href=\"https:\/\/www.medtechlabs.se\/sv\/nyheter\/seminarier\/?sf_paged=2\"><i class=\"fas fa-arrow-right\"><\/i><\/a>\n<\/div>\r\n\t<\/div>\n","protected":false},"excerpt":{"rendered":"<p>Filter<\/p>\n","protected":false},"author":1,"featured_media":915,"parent":1728,"menu_order":0,"comment_status":"closed","ping_status":"closed","template":"","meta":{"_acf_changed":false,"footnotes":""},"class_list":["post-1730","page","type-page","status-publish","has-post-thumbnail","hentry"],"acf":[],"yoast_head":"<!-- This site is optimized with the Yoast SEO plugin v27.1 - https:\/\/yoast.com\/product\/yoast-seo-wordpress\/ -->\n<title>Seminarier - Medtechlabs seminarier och kurser<\/title>\n<meta name=\"description\" content=\"L\u00e4s om och anm\u00e4l dig till n\u00e5gon av v\u00e5ra m\u00e5nga seminarier och utbildningar inom medicinteknik och n\u00e4rliggande kunskapsomr\u00e5den.\" \/>\n<meta name=\"robots\" content=\"index, follow, max-snippet:-1, max-image-preview:large, max-video-preview:-1\" \/>\n<link rel=\"canonical\" href=\"https:\/\/www.medtechlabs.se\/sv\/nyheter\/seminarier\/\" \/>\n<meta property=\"og:locale\" content=\"sv_SE\" \/>\n<meta property=\"og:type\" content=\"article\" \/>\n<meta property=\"og:title\" content=\"Seminarier - Medtechlabs seminarier och kurser\" \/>\n<meta property=\"og:description\" content=\"L\u00e4s om och anm\u00e4l dig till n\u00e5gon av v\u00e5ra m\u00e5nga seminarier och utbildningar inom medicinteknik och n\u00e4rliggande kunskapsomr\u00e5den.\" \/>\n<meta property=\"og:url\" content=\"https:\/\/www.medtechlabs.se\/sv\/nyheter\/seminarier\/\" \/>\n<meta property=\"og:site_name\" content=\"Medtechlabs\" \/>\n<meta property=\"article:modified_time\" content=\"2023-05-03T08:13:29+00:00\" \/>\n<meta property=\"og:image\" content=\"https:\/\/www.medtechlabs.se\/wp-content\/uploads\/2023\/03\/shutterstock_298969598.jpeg\" \/>\n\t<meta property=\"og:image:width\" content=\"789\" \/>\n\t<meta property=\"og:image:height\" content=\"677\" \/>\n\t<meta property=\"og:image:type\" content=\"image\/jpeg\" \/>\n<meta name=\"twitter:card\" content=\"summary_large_image\" \/>\n<meta name=\"twitter:label1\" content=\"Ber\u00e4knad l\u00e4stid\" \/>\n\t<meta name=\"twitter:data1\" content=\"1 minut\" \/>\n<script type=\"application\/ld+json\" class=\"yoast-schema-graph\">{\"@context\":\"https:\/\/schema.org\",\"@graph\":[{\"@type\":\"WebPage\",\"@id\":\"https:\/\/www.medtechlabs.se\/sv\/nyheter\/seminarier\/\",\"url\":\"https:\/\/www.medtechlabs.se\/sv\/nyheter\/seminarier\/\",\"name\":\"Seminarier - Medtechlabs seminarier och kurser\",\"isPartOf\":{\"@id\":\"https:\/\/www.medtechlabs.se\/sv\/#website\"},\"primaryImageOfPage\":{\"@id\":\"https:\/\/www.medtechlabs.se\/sv\/nyheter\/seminarier\/#primaryimage\"},\"image\":{\"@id\":\"https:\/\/www.medtechlabs.se\/sv\/nyheter\/seminarier\/#primaryimage\"},\"thumbnailUrl\":\"https:\/\/www.medtechlabs.se\/wp-content\/uploads\/2023\/03\/shutterstock_298969598.jpeg\",\"datePublished\":\"2023-02-10T12:16:29+00:00\",\"dateModified\":\"2023-05-03T08:13:29+00:00\",\"description\":\"L\u00e4s om och anm\u00e4l dig till n\u00e5gon av v\u00e5ra m\u00e5nga seminarier och utbildningar inom medicinteknik och n\u00e4rliggande kunskapsomr\u00e5den.\",\"breadcrumb\":{\"@id\":\"https:\/\/www.medtechlabs.se\/sv\/nyheter\/seminarier\/#breadcrumb\"},\"inLanguage\":\"sv-SE\",\"potentialAction\":[{\"@type\":\"ReadAction\",\"target\":[\"https:\/\/www.medtechlabs.se\/sv\/nyheter\/seminarier\/\"]}]},{\"@type\":\"ImageObject\",\"inLanguage\":\"sv-SE\",\"@id\":\"https:\/\/www.medtechlabs.se\/sv\/nyheter\/seminarier\/#primaryimage\",\"url\":\"https:\/\/www.medtechlabs.se\/wp-content\/uploads\/2023\/03\/shutterstock_298969598.jpeg\",\"contentUrl\":\"https:\/\/www.medtechlabs.se\/wp-content\/uploads\/2023\/03\/shutterstock_298969598.jpeg\",\"width\":789,\"height\":677,\"caption\":\"Vagusnerven, den tionde kranialnerven, \u00e4r m\u00e4nniskokroppens l\u00e4ngsta kranialnerv och utg\u00e5r fr\u00e5n den f\u00f6rl\u00e4ngda m\u00e4rgen i hj\u00e4rnstammen. Den best\u00e5r av cirka 80 000 nervtr\u00e5dar vars aktivitet huvudsakligen best\u00e5r av att samla information om vad som p\u00e5g\u00e5r i kroppen och till att styra processer i kroppen. Vagusnerven p\u00e5verkar och vidarebefordrar impulser fr\u00e5n lungor, hj\u00e4rta, magtarmkanal, lever och mj\u00e4lte. Hj\u00e4rnan p\u00e5verkar immunsystemet genom en process som kallas den inflammatoriska reflexen.\"},{\"@type\":\"BreadcrumbList\",\"@id\":\"https:\/\/www.medtechlabs.se\/sv\/nyheter\/seminarier\/#breadcrumb\",\"itemListElement\":[{\"@type\":\"ListItem\",\"position\":1,\"name\":\"Home\",\"item\":\"https:\/\/www.medtechlabs.se\/sv\/\"},{\"@type\":\"ListItem\",\"position\":2,\"name\":\"Nyheter\",\"item\":\"https:\/\/www.medtechlabs.se\/sv\/nyheter\/\"},{\"@type\":\"ListItem\",\"position\":3,\"name\":\"Seminarier\"}]},{\"@type\":\"WebSite\",\"@id\":\"https:\/\/www.medtechlabs.se\/sv\/#website\",\"url\":\"https:\/\/www.medtechlabs.se\/sv\/\",\"name\":\"Medtechlabs\",\"description\":\"\",\"publisher\":{\"@id\":\"https:\/\/www.medtechlabs.se\/sv\/#organization\"},\"potentialAction\":[{\"@type\":\"SearchAction\",\"target\":{\"@type\":\"EntryPoint\",\"urlTemplate\":\"https:\/\/www.medtechlabs.se\/sv\/?s={search_term_string}\"},\"query-input\":{\"@type\":\"PropertyValueSpecification\",\"valueRequired\":true,\"valueName\":\"search_term_string\"}}],\"inLanguage\":\"sv-SE\"},{\"@type\":\"Organization\",\"@id\":\"https:\/\/www.medtechlabs.se\/sv\/#organization\",\"name\":\"Medtechlabs\",\"url\":\"https:\/\/www.medtechlabs.se\/sv\/\",\"logo\":{\"@type\":\"ImageObject\",\"inLanguage\":\"sv-SE\",\"@id\":\"https:\/\/www.medtechlabs.se\/sv\/#\/schema\/logo\/image\/\",\"url\":\"https:\/\/www.medtechlabs.se\/wp-content\/uploads\/2023\/02\/medtechlabs_logo_RGB_orange-65.png\",\"contentUrl\":\"https:\/\/www.medtechlabs.se\/wp-content\/uploads\/2023\/02\/medtechlabs_logo_RGB_orange-65.png\",\"width\":480,\"height\":60,\"caption\":\"Medtechlabs\"},\"image\":{\"@id\":\"https:\/\/www.medtechlabs.se\/sv\/#\/schema\/logo\/image\/\"}}]}<\/script>\n<!-- \/ Yoast SEO plugin. -->","yoast_head_json":{"title":"Seminarier - Medtechlabs seminarier och kurser","description":"L\u00e4s om och anm\u00e4l dig till n\u00e5gon av v\u00e5ra m\u00e5nga seminarier och utbildningar inom medicinteknik och n\u00e4rliggande kunskapsomr\u00e5den.","robots":{"index":"index","follow":"follow","max-snippet":"max-snippet:-1","max-image-preview":"max-image-preview:large","max-video-preview":"max-video-preview:-1"},"canonical":"https:\/\/www.medtechlabs.se\/sv\/nyheter\/seminarier\/","og_locale":"sv_SE","og_type":"article","og_title":"Seminarier - Medtechlabs seminarier och kurser","og_description":"L\u00e4s om och anm\u00e4l dig till n\u00e5gon av v\u00e5ra m\u00e5nga seminarier och utbildningar inom medicinteknik och n\u00e4rliggande kunskapsomr\u00e5den.","og_url":"https:\/\/www.medtechlabs.se\/sv\/nyheter\/seminarier\/","og_site_name":"Medtechlabs","article_modified_time":"2023-05-03T08:13:29+00:00","og_image":[{"width":789,"height":677,"url":"https:\/\/www.medtechlabs.se\/wp-content\/uploads\/2023\/03\/shutterstock_298969598.jpeg","type":"image\/jpeg"}],"twitter_card":"summary_large_image","twitter_misc":{"Ber\u00e4knad l\u00e4stid":"1 minut"},"schema":{"@context":"https:\/\/schema.org","@graph":[{"@type":"WebPage","@id":"https:\/\/www.medtechlabs.se\/sv\/nyheter\/seminarier\/","url":"https:\/\/www.medtechlabs.se\/sv\/nyheter\/seminarier\/","name":"Seminarier - Medtechlabs seminarier och kurser","isPartOf":{"@id":"https:\/\/www.medtechlabs.se\/sv\/#website"},"primaryImageOfPage":{"@id":"https:\/\/www.medtechlabs.se\/sv\/nyheter\/seminarier\/#primaryimage"},"image":{"@id":"https:\/\/www.medtechlabs.se\/sv\/nyheter\/seminarier\/#primaryimage"},"thumbnailUrl":"https:\/\/www.medtechlabs.se\/wp-content\/uploads\/2023\/03\/shutterstock_298969598.jpeg","datePublished":"2023-02-10T12:16:29+00:00","dateModified":"2023-05-03T08:13:29+00:00","description":"L\u00e4s om och anm\u00e4l dig till n\u00e5gon av v\u00e5ra m\u00e5nga seminarier och utbildningar inom medicinteknik och n\u00e4rliggande kunskapsomr\u00e5den.","breadcrumb":{"@id":"https:\/\/www.medtechlabs.se\/sv\/nyheter\/seminarier\/#breadcrumb"},"inLanguage":"sv-SE","potentialAction":[{"@type":"ReadAction","target":["https:\/\/www.medtechlabs.se\/sv\/nyheter\/seminarier\/"]}]},{"@type":"ImageObject","inLanguage":"sv-SE","@id":"https:\/\/www.medtechlabs.se\/sv\/nyheter\/seminarier\/#primaryimage","url":"https:\/\/www.medtechlabs.se\/wp-content\/uploads\/2023\/03\/shutterstock_298969598.jpeg","contentUrl":"https:\/\/www.medtechlabs.se\/wp-content\/uploads\/2023\/03\/shutterstock_298969598.jpeg","width":789,"height":677,"caption":"Vagusnerven, den tionde kranialnerven, \u00e4r m\u00e4nniskokroppens l\u00e4ngsta kranialnerv och utg\u00e5r fr\u00e5n den f\u00f6rl\u00e4ngda m\u00e4rgen i hj\u00e4rnstammen. Den best\u00e5r av cirka 80 000 nervtr\u00e5dar vars aktivitet huvudsakligen best\u00e5r av att samla information om vad som p\u00e5g\u00e5r i kroppen och till att styra processer i kroppen. Vagusnerven p\u00e5verkar och vidarebefordrar impulser fr\u00e5n lungor, hj\u00e4rta, magtarmkanal, lever och mj\u00e4lte. Hj\u00e4rnan p\u00e5verkar immunsystemet genom en process som kallas den inflammatoriska reflexen."},{"@type":"BreadcrumbList","@id":"https:\/\/www.medtechlabs.se\/sv\/nyheter\/seminarier\/#breadcrumb","itemListElement":[{"@type":"ListItem","position":1,"name":"Home","item":"https:\/\/www.medtechlabs.se\/sv\/"},{"@type":"ListItem","position":2,"name":"Nyheter","item":"https:\/\/www.medtechlabs.se\/sv\/nyheter\/"},{"@type":"ListItem","position":3,"name":"Seminarier"}]},{"@type":"WebSite","@id":"https:\/\/www.medtechlabs.se\/sv\/#website","url":"https:\/\/www.medtechlabs.se\/sv\/","name":"Medtechlabs","description":"","publisher":{"@id":"https:\/\/www.medtechlabs.se\/sv\/#organization"},"potentialAction":[{"@type":"SearchAction","target":{"@type":"EntryPoint","urlTemplate":"https:\/\/www.medtechlabs.se\/sv\/?s={search_term_string}"},"query-input":{"@type":"PropertyValueSpecification","valueRequired":true,"valueName":"search_term_string"}}],"inLanguage":"sv-SE"},{"@type":"Organization","@id":"https:\/\/www.medtechlabs.se\/sv\/#organization","name":"Medtechlabs","url":"https:\/\/www.medtechlabs.se\/sv\/","logo":{"@type":"ImageObject","inLanguage":"sv-SE","@id":"https:\/\/www.medtechlabs.se\/sv\/#\/schema\/logo\/image\/","url":"https:\/\/www.medtechlabs.se\/wp-content\/uploads\/2023\/02\/medtechlabs_logo_RGB_orange-65.png","contentUrl":"https:\/\/www.medtechlabs.se\/wp-content\/uploads\/2023\/02\/medtechlabs_logo_RGB_orange-65.png","width":480,"height":60,"caption":"Medtechlabs"},"image":{"@id":"https:\/\/www.medtechlabs.se\/sv\/#\/schema\/logo\/image\/"}}]}},"_links":{"self":[{"href":"https:\/\/www.medtechlabs.se\/sv\/wp-json\/wp\/v2\/pages\/1730","targetHints":{"allow":["GET"]}}],"collection":[{"href":"https:\/\/www.medtechlabs.se\/sv\/wp-json\/wp\/v2\/pages"}],"about":[{"href":"https:\/\/www.medtechlabs.se\/sv\/wp-json\/wp\/v2\/types\/page"}],"author":[{"embeddable":true,"href":"https:\/\/www.medtechlabs.se\/sv\/wp-json\/wp\/v2\/users\/1"}],"replies":[{"embeddable":true,"href":"https:\/\/www.medtechlabs.se\/sv\/wp-json\/wp\/v2\/comments?post=1730"}],"version-history":[{"count":2,"href":"https:\/\/www.medtechlabs.se\/sv\/wp-json\/wp\/v2\/pages\/1730\/revisions"}],"predecessor-version":[{"id":1745,"href":"https:\/\/www.medtechlabs.se\/sv\/wp-json\/wp\/v2\/pages\/1730\/revisions\/1745"}],"up":[{"embeddable":true,"href":"https:\/\/www.medtechlabs.se\/sv\/wp-json\/wp\/v2\/pages\/1728"}],"wp:featuredmedia":[{"embeddable":true,"href":"https:\/\/www.medtechlabs.se\/sv\/wp-json\/wp\/v2\/media\/915"}],"wp:attachment":[{"href":"https:\/\/www.medtechlabs.se\/sv\/wp-json\/wp\/v2\/media?parent=1730"}],"curies":[{"name":"wp","href":"https:\/\/api.w.org\/{rel}","templated":true}]}}