{"id":1885,"date":"2023-02-10T13:45:37","date_gmt":"2023-02-10T12:45:37","guid":{"rendered":"http:\/\/mtl.hamstage.hamrenmedia.se\/?page_id=1885"},"modified":"2023-05-09T14:40:58","modified_gmt":"2023-05-09T12:40:58","slug":"cookiepolicy","status":"publish","type":"page","link":"https:\/\/www.medtechlabs.se\/sv\/cookiepolicy\/","title":{"rendered":"Cookiepolicy"},"content":{"rendered":"\n<pre class=\"wp-block-hw-ingress-box\">N\u00e4r du bes\u00f6ker v\u00e5r webbplats samlar vi in information fr\u00e5n dig via\u00a0cookies\u00a0som st\u00f6djer anv\u00e4ndarupplevelsen p\u00e5 v\u00e5r site och som samlar in bes\u00f6ksstatistik.<br>Vid godk\u00e4nnande av informationssamling tar vi emot och sparar information fr\u00e5n din dator och webbl\u00e4sare, inklusive din IP-adress, uppgifter om programvara och h\u00e5rdvara och den beg\u00e4rda sidan. Du kan n\u00e4r som helst uppdatera dina inst\u00e4llningar kring insamling av information om dig.<\/pre>\n\n\n\n<div class=\"wp-block-group no-padding-top has-white-background-color has-background\"><div class=\"wp-block-group__inner-container is-layout-flow wp-block-group-is-layout-flow\">\n<div class=\"wp-block-columns is-layout-flex wp-container-core-columns-is-layout-9d6595d7 wp-block-columns-is-layout-flex\">\n<div class=\"wp-block-column is-layout-flow wp-block-column-is-layout-flow\" id=\"cookies\">\n<h2 class=\"wp-block-heading\" id=\"cookies\">Cookies<\/h2>\n\n\n\n<p>Vi anv\u00e4nder cookies f\u00f6r att f\u00f6rb\u00e4ttra tillg\u00e5ngen till v\u00e5r webbplats och identifierar \u00e5terkommande bes\u00f6kare. Dessutom f\u00f6rb\u00e4ttrar v\u00e5ra cookies anv\u00e4ndarupplevelsen genom att sp\u00e5ra och m\u00e5lanpassa anv\u00e4ndarens intressen. V\u00e5r anv\u00e4ndning av cookies kopplas \u00f6ver huvudtaget inte till personligt identifierbar information p\u00e5 v\u00e5r webbplats.<br><br>Det finns olika typer av cookies: <strong>n\u00f6dv\u00e4ndiga cookies,<\/strong> <strong>funktionella cookies<\/strong>, <strong>cookies f\u00f6r webbanalys<\/strong> och <strong>marknadsf\u00f6ringscookies<\/strong>.<\/p>\n<\/div>\n<\/div>\n\n\n\n<div class=\"wp-block-columns is-layout-flex wp-container-core-columns-is-layout-9d6595d7 wp-block-columns-is-layout-flex\">\n<div class=\"wp-block-column is-layout-flow wp-block-column-is-layout-flow\">\n<h3 class=\"wp-block-heading\">N\u00f6dv\u00e4ndiga cookies<\/h3>\n\n\n\n<p>Utan dessa fungerar inte webbplatsen korrekt. Dessa cookies \u00e4r n\u00f6dv\u00e4ndiga f\u00f6r att du ska kunna anv\u00e4nda alla funktioner p\u00e5 v\u00e5r webbplats. De skapas normalt som svar p\u00e5 \u00e5tg\u00e4rder du g\u00f6r p\u00e5 webbplatsen, som att ange inst\u00e4llningar, logga in eller fylla i formul\u00e4r.<\/p>\n<\/div>\n\n\n\n<div class=\"wp-block-column is-layout-flow wp-block-column-is-layout-flow\">\n<h3 class=\"wp-block-heading\">Cookies f\u00f6r webbanalys<\/h3>\n\n\n\n<p>Dessa cookies l\u00e5ter oss r\u00e4kna antal bes\u00f6k och trafikk\u00e4llor s\u00e5 att vi kan m\u00e4ta och f\u00f6rb\u00e4ttra v\u00e5r hemsida. Informationen som dessa cookies samlar in \u00e4r helt anonym. Om du inte till\u00e5ter dessa cookies vet vi inte n\u00e4r du har bes\u00f6kt v\u00e5r webbplats.<\/p>\n<\/div>\n\n\n\n<div class=\"wp-block-column is-layout-flow wp-block-column-is-layout-flow\">\n<h3 class=\"wp-block-heading\">Funktionella cookies<\/h3>\n\n\n\n<p>Dessa cookies g\u00f6r det m\u00f6jligt att tillhandah\u00e5lla f\u00f6rb\u00e4ttrad funktionalitet och anpassning, s\u00e5som videor. De st\u00e4lls in via oss eller externa leverant\u00f6rer vars tj\u00e4nster vi har lagt till p\u00e5 v\u00e5ra sidor. Om du inte till\u00e5ter dessa cookies kan det h\u00e4nda att vissa funktioner inte fungerar korrekt.<\/p>\n<\/div>\n<\/div>\n\n\n\n<h2 class=\"wp-block-heading\">Cookieinst\u00e4llningar<\/h2>\n\n\n\n<p>Du kan n\u00e4r som helst \u00e4ndra dina cookie-inst\u00e4llningar genom att klicka p\u00e5 knappen nedanf\u00f6r. <br>Dina inst\u00e4llningar kommer att sparas i 30 dagar.<\/p>\n\n\n\t\t\t\t  <button class=\"cookie-settings-button\">\u00d6ppna inst\u00e4llningar<\/button>\n\t\t\t  \n\n\n\n<h2 class=\"wp-block-heading\">Vilka cookies anv\u00e4nder vi?<\/h2>\n\n\n\n<h3 class=\"wp-block-heading\">N\u00f6dv\u00e4ndiga cookies<\/h3>\n\n\n\n<figure class=\"wp-block-table\"><table><thead><tr><th>Namn<\/th><th>Syfte<\/th><th>Lagras under<\/th><\/tr><\/thead><tbody><tr><td>close-cookie-bar<\/td><td>D\u00f6ljer cookief\u00e4ltet n\u00e4r du har godk\u00e4nt det i inst\u00e4llningarna<\/td><td>30 dagar<\/td><\/tr><tr><td>wants-ec-cookies<\/td><td>Sparar dina cookieinst\u00e4llningar om n\u00f6dv\u00e4ndiga cookies<\/td><td>30 dagar<\/td><\/tr><tr><td>wants-fc-cookies<\/td><td>Sparar dina cookieinst\u00e4llningar om funktionella cookies<\/td><td>30 dagar<\/td><\/tr><tr><td>wants-mc-cookies<\/td><td>Sparar dina cookieinst\u00e4llningar om marknadsf\u00f6ringscookies<\/td><td>30 dagar<\/td><\/tr><tr><td>wants-ac-cookies<\/td><td>Sparar dina cookieinst\u00e4llningar om analyscookies<\/td><td>30 dagar<\/td><\/tr><\/tbody><\/table><\/figure>\n\n\n\n<h3 class=\"wp-block-heading\">Funktionella cookies<\/h3>\n\n\n\n<figure class=\"wp-block-table\"><table><thead><tr><th>Namn<\/th><th>Syfte<\/th><th>Lagras under<\/th><\/tr><\/thead><tbody><tr><td>YSC<\/td><td>Sp\u00e5rar visning av inb\u00e4ddade videor fr\u00e5n youtube.<\/td><td>Session<\/td><\/tr><\/tbody><\/table><\/figure>\n\n\n\n<h3 class=\"wp-block-heading\">Cookies f\u00f6r webbanalys<\/h3>\n\n\n\n<figure class=\"wp-block-table\"><table><thead><tr><th>Namn<\/th><th>Syfte<\/th><th>Lagras under<\/th><\/tr><\/thead><tbody><tr><td>_ga_GKK2KNFY15<\/td><td>Anv\u00e4nds av Google Analytics f\u00f6r att samla in data om hur m\u00e5nga g\u00e5nger en anv\u00e4ndare har bes\u00f6kt webbplatsen samt datum f\u00f6r det f\u00f6rsta och senaste bes\u00f6ket.<\/td><td>2 \u00e5r<\/td><\/tr><tr><td>_ga<\/td><td>Anv\u00e4nds av Google Analytics f\u00f6r att s\u00e4rskilja unika anv\u00e4ndare genom att ge dem ett randomiserat nummer.<\/td><td>1 \u00e5r<\/td><\/tr><tr><td>_gid<\/td><td>Google Analytics-cookie, anv\u00e4nds f\u00f6r att skilja mellan anv\u00e4ndare.<\/td><td>1 \u00e5r<\/td><\/tr><\/tbody><\/table><\/figure>\n<\/div><\/div>\n","protected":false},"excerpt":{"rendered":"<p>Cookies Vi anv\u00e4nder cookies f\u00f6r att f\u00f6rb\u00e4ttra tillg\u00e5ngen till v\u00e5r webbplats och identifierar \u00e5terkommande bes\u00f6kare. Dessutom f\u00f6rb\u00e4ttrar v\u00e5ra cookies anv\u00e4ndarupplevelsen genom att sp\u00e5ra och m\u00e5lanpassa anv\u00e4ndarens intressen. V\u00e5r anv\u00e4ndning av cookies kopplas \u00f6ver huvudtaget inte till personligt identifierbar information p\u00e5 v\u00e5r webbplats. Det finns olika typer av cookies: n\u00f6dv\u00e4ndiga cookies, funktionella cookies, cookies f\u00f6r webbanalys [&hellip;]<\/p>\n","protected":false},"author":1,"featured_media":0,"parent":0,"menu_order":0,"comment_status":"closed","ping_status":"closed","template":"","meta":{"_acf_changed":false,"footnotes":""},"class_list":["post-1885","page","type-page","status-publish","hentry"],"acf":[],"yoast_head":"<!-- This site is optimized with the Yoast SEO plugin v27.1 - https:\/\/yoast.com\/product\/yoast-seo-wordpress\/ -->\n<title>Cookiepolicy - Medtechlabs<\/title>\n<meta name=\"robots\" content=\"index, follow, max-snippet:-1, max-image-preview:large, max-video-preview:-1\" \/>\n<link rel=\"canonical\" href=\"https:\/\/www.medtechlabs.se\/sv\/cookiepolicy\/\" \/>\n<meta property=\"og:locale\" content=\"sv_SE\" \/>\n<meta property=\"og:type\" content=\"article\" \/>\n<meta property=\"og:title\" content=\"Cookiepolicy - Medtechlabs\" \/>\n<meta property=\"og:description\" content=\"Cookies Vi anv\u00e4nder cookies f\u00f6r att f\u00f6rb\u00e4ttra tillg\u00e5ngen till v\u00e5r webbplats och identifierar \u00e5terkommande bes\u00f6kare. Dessutom f\u00f6rb\u00e4ttrar v\u00e5ra cookies anv\u00e4ndarupplevelsen genom att sp\u00e5ra och m\u00e5lanpassa anv\u00e4ndarens intressen. V\u00e5r anv\u00e4ndning av cookies kopplas \u00f6ver huvudtaget inte till personligt identifierbar information p\u00e5 v\u00e5r webbplats. Det finns olika typer av cookies: n\u00f6dv\u00e4ndiga cookies, funktionella cookies, cookies f\u00f6r webbanalys [&hellip;]\" \/>\n<meta property=\"og:url\" content=\"https:\/\/www.medtechlabs.se\/sv\/cookiepolicy\/\" \/>\n<meta property=\"og:site_name\" content=\"Medtechlabs\" \/>\n<meta property=\"article:modified_time\" content=\"2023-05-09T12:40:58+00:00\" \/>\n<meta name=\"twitter:card\" content=\"summary_large_image\" \/>\n<meta name=\"twitter:label1\" content=\"Ber\u00e4knad l\u00e4stid\" \/>\n\t<meta name=\"twitter:data1\" content=\"2 minuter\" \/>\n<script type=\"application\/ld+json\" class=\"yoast-schema-graph\">{\"@context\":\"https:\/\/schema.org\",\"@graph\":[{\"@type\":\"WebPage\",\"@id\":\"https:\/\/www.medtechlabs.se\/sv\/cookiepolicy\/\",\"url\":\"https:\/\/www.medtechlabs.se\/sv\/cookiepolicy\/\",\"name\":\"Cookiepolicy - Medtechlabs\",\"isPartOf\":{\"@id\":\"https:\/\/www.medtechlabs.se\/sv\/#website\"},\"datePublished\":\"2023-02-10T12:45:37+00:00\",\"dateModified\":\"2023-05-09T12:40:58+00:00\",\"breadcrumb\":{\"@id\":\"https:\/\/www.medtechlabs.se\/sv\/cookiepolicy\/#breadcrumb\"},\"inLanguage\":\"sv-SE\",\"potentialAction\":[{\"@type\":\"ReadAction\",\"target\":[\"https:\/\/www.medtechlabs.se\/sv\/cookiepolicy\/\"]}]},{\"@type\":\"BreadcrumbList\",\"@id\":\"https:\/\/www.medtechlabs.se\/sv\/cookiepolicy\/#breadcrumb\",\"itemListElement\":[{\"@type\":\"ListItem\",\"position\":1,\"name\":\"Home\",\"item\":\"https:\/\/www.medtechlabs.se\/sv\/\"},{\"@type\":\"ListItem\",\"position\":2,\"name\":\"Cookiepolicy\"}]},{\"@type\":\"WebSite\",\"@id\":\"https:\/\/www.medtechlabs.se\/sv\/#website\",\"url\":\"https:\/\/www.medtechlabs.se\/sv\/\",\"name\":\"Medtechlabs\",\"description\":\"\",\"publisher\":{\"@id\":\"https:\/\/www.medtechlabs.se\/sv\/#organization\"},\"potentialAction\":[{\"@type\":\"SearchAction\",\"target\":{\"@type\":\"EntryPoint\",\"urlTemplate\":\"https:\/\/www.medtechlabs.se\/sv\/?s={search_term_string}\"},\"query-input\":{\"@type\":\"PropertyValueSpecification\",\"valueRequired\":true,\"valueName\":\"search_term_string\"}}],\"inLanguage\":\"sv-SE\"},{\"@type\":\"Organization\",\"@id\":\"https:\/\/www.medtechlabs.se\/sv\/#organization\",\"name\":\"Medtechlabs\",\"url\":\"https:\/\/www.medtechlabs.se\/sv\/\",\"logo\":{\"@type\":\"ImageObject\",\"inLanguage\":\"sv-SE\",\"@id\":\"https:\/\/www.medtechlabs.se\/sv\/#\/schema\/logo\/image\/\",\"url\":\"https:\/\/www.medtechlabs.se\/wp-content\/uploads\/2023\/02\/medtechlabs_logo_RGB_orange-65.png\",\"contentUrl\":\"https:\/\/www.medtechlabs.se\/wp-content\/uploads\/2023\/02\/medtechlabs_logo_RGB_orange-65.png\",\"width\":480,\"height\":60,\"caption\":\"Medtechlabs\"},\"image\":{\"@id\":\"https:\/\/www.medtechlabs.se\/sv\/#\/schema\/logo\/image\/\"}}]}<\/script>\n<!-- \/ Yoast SEO plugin. -->","yoast_head_json":{"title":"Cookiepolicy - Medtechlabs","robots":{"index":"index","follow":"follow","max-snippet":"max-snippet:-1","max-image-preview":"max-image-preview:large","max-video-preview":"max-video-preview:-1"},"canonical":"https:\/\/www.medtechlabs.se\/sv\/cookiepolicy\/","og_locale":"sv_SE","og_type":"article","og_title":"Cookiepolicy - Medtechlabs","og_description":"Cookies Vi anv\u00e4nder cookies f\u00f6r att f\u00f6rb\u00e4ttra tillg\u00e5ngen till v\u00e5r webbplats och identifierar \u00e5terkommande bes\u00f6kare. Dessutom f\u00f6rb\u00e4ttrar v\u00e5ra cookies anv\u00e4ndarupplevelsen genom att sp\u00e5ra och m\u00e5lanpassa anv\u00e4ndarens intressen. V\u00e5r anv\u00e4ndning av cookies kopplas \u00f6ver huvudtaget inte till personligt identifierbar information p\u00e5 v\u00e5r webbplats. Det finns olika typer av cookies: n\u00f6dv\u00e4ndiga cookies, funktionella cookies, cookies f\u00f6r webbanalys [&hellip;]","og_url":"https:\/\/www.medtechlabs.se\/sv\/cookiepolicy\/","og_site_name":"Medtechlabs","article_modified_time":"2023-05-09T12:40:58+00:00","twitter_card":"summary_large_image","twitter_misc":{"Ber\u00e4knad l\u00e4stid":"2 minuter"},"schema":{"@context":"https:\/\/schema.org","@graph":[{"@type":"WebPage","@id":"https:\/\/www.medtechlabs.se\/sv\/cookiepolicy\/","url":"https:\/\/www.medtechlabs.se\/sv\/cookiepolicy\/","name":"Cookiepolicy - Medtechlabs","isPartOf":{"@id":"https:\/\/www.medtechlabs.se\/sv\/#website"},"datePublished":"2023-02-10T12:45:37+00:00","dateModified":"2023-05-09T12:40:58+00:00","breadcrumb":{"@id":"https:\/\/www.medtechlabs.se\/sv\/cookiepolicy\/#breadcrumb"},"inLanguage":"sv-SE","potentialAction":[{"@type":"ReadAction","target":["https:\/\/www.medtechlabs.se\/sv\/cookiepolicy\/"]}]},{"@type":"BreadcrumbList","@id":"https:\/\/www.medtechlabs.se\/sv\/cookiepolicy\/#breadcrumb","itemListElement":[{"@type":"ListItem","position":1,"name":"Home","item":"https:\/\/www.medtechlabs.se\/sv\/"},{"@type":"ListItem","position":2,"name":"Cookiepolicy"}]},{"@type":"WebSite","@id":"https:\/\/www.medtechlabs.se\/sv\/#website","url":"https:\/\/www.medtechlabs.se\/sv\/","name":"Medtechlabs","description":"","publisher":{"@id":"https:\/\/www.medtechlabs.se\/sv\/#organization"},"potentialAction":[{"@type":"SearchAction","target":{"@type":"EntryPoint","urlTemplate":"https:\/\/www.medtechlabs.se\/sv\/?s={search_term_string}"},"query-input":{"@type":"PropertyValueSpecification","valueRequired":true,"valueName":"search_term_string"}}],"inLanguage":"sv-SE"},{"@type":"Organization","@id":"https:\/\/www.medtechlabs.se\/sv\/#organization","name":"Medtechlabs","url":"https:\/\/www.medtechlabs.se\/sv\/","logo":{"@type":"ImageObject","inLanguage":"sv-SE","@id":"https:\/\/www.medtechlabs.se\/sv\/#\/schema\/logo\/image\/","url":"https:\/\/www.medtechlabs.se\/wp-content\/uploads\/2023\/02\/medtechlabs_logo_RGB_orange-65.png","contentUrl":"https:\/\/www.medtechlabs.se\/wp-content\/uploads\/2023\/02\/medtechlabs_logo_RGB_orange-65.png","width":480,"height":60,"caption":"Medtechlabs"},"image":{"@id":"https:\/\/www.medtechlabs.se\/sv\/#\/schema\/logo\/image\/"}}]}},"_links":{"self":[{"href":"https:\/\/www.medtechlabs.se\/sv\/wp-json\/wp\/v2\/pages\/1885","targetHints":{"allow":["GET"]}}],"collection":[{"href":"https:\/\/www.medtechlabs.se\/sv\/wp-json\/wp\/v2\/pages"}],"about":[{"href":"https:\/\/www.medtechlabs.se\/sv\/wp-json\/wp\/v2\/types\/page"}],"author":[{"embeddable":true,"href":"https:\/\/www.medtechlabs.se\/sv\/wp-json\/wp\/v2\/users\/1"}],"replies":[{"embeddable":true,"href":"https:\/\/www.medtechlabs.se\/sv\/wp-json\/wp\/v2\/comments?post=1885"}],"version-history":[{"count":3,"href":"https:\/\/www.medtechlabs.se\/sv\/wp-json\/wp\/v2\/pages\/1885\/revisions"}],"predecessor-version":[{"id":2296,"href":"https:\/\/www.medtechlabs.se\/sv\/wp-json\/wp\/v2\/pages\/1885\/revisions\/2296"}],"wp:attachment":[{"href":"https:\/\/www.medtechlabs.se\/sv\/wp-json\/wp\/v2\/media?parent=1885"}],"curies":[{"name":"wp","href":"https:\/\/api.w.org\/{rel}","templated":true}]}}