{"id":2612,"date":"2024-01-24T09:59:36","date_gmt":"2024-01-24T08:59:36","guid":{"rendered":"https:\/\/www.medtechlabs.se\/?page_id=2612"},"modified":"2024-02-28T12:08:36","modified_gmt":"2024-02-28T11:08:36","slug":"samhallsnytta","status":"publish","type":"page","link":"https:\/\/www.medtechlabs.se\/sv\/samhallsnytta\/","title":{"rendered":"Samh\u00e4llsnytta"},"content":{"rendered":"\n<pre class=\"wp-block-hw-ingress-box\"><br>MedTechLabs forskare \u00e4r grundare till ett antal f\u00f6retag som bidrar till effektiv implementering av forskningsresultat till h\u00e4lso- och sjukv\u00e5rden. MedTechLabs erbjuder \u00e4ven utbildning till yrkesverksamma inom omr\u00e5den d\u00e4r senaste forskningsr\u00f6n kan komma patienter till gagn.<\/pre>\n\n\n\n<div style=\"height:2rem\" aria-hidden=\"true\" class=\"wp-block-spacer\"><\/div>\n\n\n\n<h2 class=\"wp-block-heading\"><strong>Filtrera<\/strong><\/h2>\n\n\n<form data-sf-form-id='2623' data-is-rtl='0' data-maintain-state='' data-results-url='https:\/\/www.medtechlabs.se\/sv\/samhallsnytta\/' data-ajax-url='https:\/\/www.medtechlabs.se\/sv\/?sfid=2623&amp;sf_action=get_data&amp;sf_data=results' data-ajax-form-url='https:\/\/www.medtechlabs.se\/sv\/?sfid=2623&amp;sf_action=get_data&amp;sf_data=form' data-display-result-method='shortcode' data-use-history-api='1' data-template-loaded='0' data-lang-code='sv' data-ajax='1' data-ajax-data-type='json' data-ajax-links-selector='.pagination a' data-ajax-target='#search-filter-results-2623' data-ajax-pagination-type='normal' data-update-ajax-url='1' data-only-results-ajax='1' data-scroll-to-pos='0' data-init-paged='1' data-auto-update='1' action='https:\/\/www.medtechlabs.se\/sv\/samhallsnytta\/' method='post' class='searchandfilter' id='search-filter-form-2623' autocomplete='off' data-instance-count='1'><ul><li class=\"sf-field-taxonomy-impact_category\" data-sf-field-name=\"_sft_impact_category\" data-sf-field-type=\"taxonomy\" data-sf-field-input-type=\"checkbox\">\t\t<ul data-operator=\"or\" class=\"\">\n\t\t\t\t\t  <li class=\"sf-level-0 sf-item-131\" data-sf-count=\"5\" data-sf-depth=\"0\"><input  class=\"sf-input-checkbox\" type=\"checkbox\" value=\"foretag\" name=\"_sft_impact_category[]\" id=\"sf-input-bbe5b56a5b64eb7fcd28290c5846b1e1\"><label class=\"sf-label-checkbox\" for=\"sf-input-bbe5b56a5b64eb7fcd28290c5846b1e1\">F\u00f6retag<\/label><\/li><li class=\"sf-level-0 sf-item-126\" data-sf-count=\"1\" data-sf-depth=\"0\"><input  class=\"sf-input-checkbox\" type=\"checkbox\" value=\"utbildning-sv\" name=\"_sft_impact_category[]\" id=\"sf-input-eb9fa38ecd6be7ae48fbab163ae604a9\"><label class=\"sf-label-checkbox\" for=\"sf-input-eb9fa38ecd6be7ae48fbab163ae604a9\">Utbildning<\/label><\/li>\t\t<\/ul>\n\t\t<\/li><\/ul><\/form>\n\n\n<div class=\"search-filter-results\" id=\"search-filter-results-2623\">\t<div class=\"grid-item-wrapper col-3\">\r\n\t<div class=\"grid-item the-impact foretag\">\n\t<div class=\"upper\">\n\t\t<div class='post-img'><img fetchpriority=\"high\" decoding=\"async\" width=\"1000\" height=\"800\" src=\"https:\/\/www.medtechlabs.se\/wp-content\/uploads\/2024\/11\/Clearscan_Webbartikel.png\" class=\"attachment-post-thumbnail size-post-thumbnail wp-post-image\" alt=\"\" srcset=\"https:\/\/www.medtechlabs.se\/wp-content\/uploads\/2024\/11\/Clearscan_Webbartikel.png 1000w, https:\/\/www.medtechlabs.se\/wp-content\/uploads\/2024\/11\/Clearscan_Webbartikel-300x240.png 300w, https:\/\/www.medtechlabs.se\/wp-content\/uploads\/2024\/11\/Clearscan_Webbartikel-768x614.png 768w, https:\/\/www.medtechlabs.se\/wp-content\/uploads\/2024\/11\/Clearscan_Webbartikel-600x480.png 600w\" sizes=\"(max-width: 1000px) 100vw, 1000px\" \/><\/div>\t\t<div class=\"post-content\">\n\t\t\t<tag><span>F\u00f6retag<\/span><\/tag>\t\t\t<h3 class=\"post-title\"><a href=\"https:\/\/www.medtechlabs.se\/sv\/the-impact\/clearscanai\/\">ClearScanAI<\/a><\/h3>\n\t\t<p class=\"post-ingress\">ClearScanAI identifierar kvinnor som l\u00f6per risk att ha missat br\u00f6stcancer vid mammografiscreening och som skulle ha nytta av kompletterande screeningtekniker s\u00e5som MRT.\u2026<\/p>\n\t\t<\/div>\n\t<\/div>\n\t<div class=\"lower\">\n\t\t<a class=\"post-link\" href=\"https:\/\/www.medtechlabs.se\/sv\/the-impact\/clearscanai\/\">\n\t\tL\u00e4s mer\t\t<\/a>\n\t<\/div>\n<\/div><div class=\"grid-item the-impact \">\n\t<div class=\"upper\">\n\t\t<div class='post-img'><img decoding=\"async\" width=\"1800\" height=\"1000\" src=\"https:\/\/www.medtechlabs.se\/wp-content\/uploads\/2024\/02\/Lucky_loop-2.jpg\" class=\"attachment-post-thumbnail size-post-thumbnail wp-post-image\" alt=\"\" srcset=\"https:\/\/www.medtechlabs.se\/wp-content\/uploads\/2024\/02\/Lucky_loop-2.jpg 1800w, https:\/\/www.medtechlabs.se\/wp-content\/uploads\/2024\/02\/Lucky_loop-2-300x167.jpg 300w, https:\/\/www.medtechlabs.se\/wp-content\/uploads\/2024\/02\/Lucky_loop-2-1024x569.jpg 1024w, https:\/\/www.medtechlabs.se\/wp-content\/uploads\/2024\/02\/Lucky_loop-2-768x427.jpg 768w, https:\/\/www.medtechlabs.se\/wp-content\/uploads\/2024\/02\/Lucky_loop-2-1536x853.jpg 1536w, https:\/\/www.medtechlabs.se\/wp-content\/uploads\/2024\/02\/Lucky_loop-2-600x333.jpg 600w\" sizes=\"(max-width: 1800px) 100vw, 1800px\" \/><\/div>\t\t<div class=\"post-content\">\n\t\t\t\t\t\t<h3 class=\"post-title\"><a href=\"https:\/\/www.medtechlabs.se\/sv\/the-impact\/lucky-loop-medical-ab\/\">Lucky Loop Medical AB<\/a><\/h3>\n\t\t<p class=\"post-ingress\">Lucky Loop Medical AB har som m\u00e5l att f\u00f6rb\u00e4ttra diagnostiken av alla cystiska lesioner. Pankreascancer (cancer i bukspottk\u00f6rteln) har dock den l\u00e4gsta\u2026<\/p>\n\t\t<\/div>\n\t<\/div>\n\t<div class=\"lower\">\n\t\t<a class=\"post-link\" href=\"https:\/\/www.medtechlabs.se\/sv\/the-impact\/lucky-loop-medical-ab\/\">\n\t\tL\u00e4s mer\t\t<\/a>\n\t<\/div>\n<\/div><div class=\"grid-item the-impact foretag\">\n\t<div class=\"upper\">\n\t\t<div class='post-img'><img decoding=\"async\" width=\"1225\" height=\"845\" src=\"https:\/\/www.medtechlabs.se\/wp-content\/uploads\/2024\/02\/emune.png\" class=\"attachment-post-thumbnail size-post-thumbnail wp-post-image\" alt=\"\" srcset=\"https:\/\/www.medtechlabs.se\/wp-content\/uploads\/2024\/02\/emune.png 1225w, https:\/\/www.medtechlabs.se\/wp-content\/uploads\/2024\/02\/emune-300x207.png 300w, https:\/\/www.medtechlabs.se\/wp-content\/uploads\/2024\/02\/emune-1024x706.png 1024w, https:\/\/www.medtechlabs.se\/wp-content\/uploads\/2024\/02\/emune-768x530.png 768w, https:\/\/www.medtechlabs.se\/wp-content\/uploads\/2024\/02\/emune-600x414.png 600w\" sizes=\"(max-width: 1225px) 100vw, 1225px\" \/><\/div>\t\t<div class=\"post-content\">\n\t\t\t<tag><span>F\u00f6retag<\/span><\/tag>\t\t\t<h3 class=\"post-title\"><a href=\"https:\/\/www.medtechlabs.se\/sv\/the-impact\/emune\/\">Emune<\/a><\/h3>\n\t\t<p class=\"post-ingress\">Emune specialiserar sig p\u00e5 bioelektronisk medicin. Uppt\u00e4ckter inom immunologi och neurovetenskap visar att inflammation regleras av nervsignaler. Teknik som \u00e4r inriktad p\u00e5\u2026<\/p>\n\t\t<\/div>\n\t<\/div>\n\t<div class=\"lower\">\n\t\t<a class=\"post-link\" href=\"https:\/\/www.medtechlabs.se\/sv\/the-impact\/emune\/\">\n\t\tL\u00e4s mer\t\t<\/a>\n\t<\/div>\n<\/div><div class=\"grid-item the-impact foretag\">\n\t<div class=\"upper\">\n\t\t<div class='post-img'><img loading=\"lazy\" decoding=\"async\" width=\"1225\" height=\"845\" src=\"https:\/\/www.medtechlabs.se\/wp-content\/uploads\/2024\/02\/magnephy.png\" class=\"attachment-post-thumbnail size-post-thumbnail wp-post-image\" alt=\"\" srcset=\"https:\/\/www.medtechlabs.se\/wp-content\/uploads\/2024\/02\/magnephy.png 1225w, https:\/\/www.medtechlabs.se\/wp-content\/uploads\/2024\/02\/magnephy-300x207.png 300w, https:\/\/www.medtechlabs.se\/wp-content\/uploads\/2024\/02\/magnephy-1024x706.png 1024w, https:\/\/www.medtechlabs.se\/wp-content\/uploads\/2024\/02\/magnephy-768x530.png 768w, https:\/\/www.medtechlabs.se\/wp-content\/uploads\/2024\/02\/magnephy-600x414.png 600w\" sizes=\"(max-width: 1225px) 100vw, 1225px\" \/><\/div>\t\t<div class=\"post-content\">\n\t\t\t<tag><span>F\u00f6retag<\/span><\/tag>\t\t\t<h3 class=\"post-title\"><a href=\"https:\/\/www.medtechlabs.se\/sv\/the-impact\/magnephy\/\">Magnephy<\/a><\/h3>\n\t\t<p class=\"post-ingress\">Magnephy fokuserar p\u00e5 3D-avbildning av njurar och utvecklar nya protokoll inom s\u00e5 kallad optisk v\u00e4vnadspatologi, med m\u00e5let att f\u00f6rb\u00e4ttra och j\u00e4mna ut\u2026<\/p>\n\t\t<\/div>\n\t<\/div>\n\t<div class=\"lower\">\n\t\t<a class=\"post-link\" href=\"https:\/\/www.medtechlabs.se\/sv\/the-impact\/magnephy\/\">\n\t\tL\u00e4s mer\t\t<\/a>\n\t<\/div>\n<\/div><div class=\"grid-item the-impact foretag\">\n\t<div class=\"upper\">\n\t\t<div class='post-img'><img loading=\"lazy\" decoding=\"async\" width=\"1107\" height=\"710\" src=\"https:\/\/www.medtechlabs.se\/wp-content\/uploads\/2024\/02\/Kieseldetektorer.jpeg\" class=\"attachment-post-thumbnail size-post-thumbnail wp-post-image\" alt=\"\" srcset=\"https:\/\/www.medtechlabs.se\/wp-content\/uploads\/2024\/02\/Kieseldetektorer.jpeg 1107w, https:\/\/www.medtechlabs.se\/wp-content\/uploads\/2024\/02\/Kieseldetektorer-300x192.jpeg 300w, https:\/\/www.medtechlabs.se\/wp-content\/uploads\/2024\/02\/Kieseldetektorer-1024x657.jpeg 1024w, https:\/\/www.medtechlabs.se\/wp-content\/uploads\/2024\/02\/Kieseldetektorer-768x493.jpeg 768w, https:\/\/www.medtechlabs.se\/wp-content\/uploads\/2024\/02\/Kieseldetektorer-600x385.jpeg 600w\" sizes=\"(max-width: 1107px) 100vw, 1107px\" \/><\/div>\t\t<div class=\"post-content\">\n\t\t\t<tag><span>F\u00f6retag<\/span><\/tag>\t\t\t<h3 class=\"post-title\"><a href=\"https:\/\/www.medtechlabs.se\/sv\/the-impact\/prismatic-sensors-ge-healthcare\/\">Prismatic Sensors (GE Healthcare)<\/a><\/h3>\n\t\t<p class=\"post-ingress\">Prismatic Sensors, sedan 2021 en del av GE Healthcare, \u00e4r en spin-out fr\u00e5n KTH som utvecklar en kiselbaserad detektor f\u00f6r fotonr\u00e4knande spektral\u2026<\/p>\n\t\t<\/div>\n\t<\/div>\n\t<div class=\"lower\">\n\t\t<a class=\"post-link\" href=\"https:\/\/www.medtechlabs.se\/sv\/the-impact\/prismatic-sensors-ge-healthcare\/\">\n\t\tL\u00e4s mer\t\t<\/a>\n\t<\/div>\n<\/div><div class=\"grid-item the-impact foretag\">\n\t<div class=\"upper\">\n\t\t<div class='post-img'><img loading=\"lazy\" decoding=\"async\" width=\"1225\" height=\"845\" src=\"https:\/\/www.medtechlabs.se\/wp-content\/uploads\/2024\/02\/stratipath.png\" class=\"attachment-post-thumbnail size-post-thumbnail wp-post-image\" alt=\"\" srcset=\"https:\/\/www.medtechlabs.se\/wp-content\/uploads\/2024\/02\/stratipath.png 1225w, https:\/\/www.medtechlabs.se\/wp-content\/uploads\/2024\/02\/stratipath-300x207.png 300w, https:\/\/www.medtechlabs.se\/wp-content\/uploads\/2024\/02\/stratipath-1024x706.png 1024w, https:\/\/www.medtechlabs.se\/wp-content\/uploads\/2024\/02\/stratipath-768x530.png 768w, https:\/\/www.medtechlabs.se\/wp-content\/uploads\/2024\/02\/stratipath-600x414.png 600w\" sizes=\"(max-width: 1225px) 100vw, 1225px\" \/><\/div>\t\t<div class=\"post-content\">\n\t\t\t<tag><span>F\u00f6retag<\/span><\/tag>\t\t\t<h3 class=\"post-title\"><a href=\"https:\/\/www.medtechlabs.se\/sv\/the-impact\/stratipat\/\">Stratipat<\/a><\/h3>\n\t\t<p class=\"post-ingress\">Stratipath \u00e4r en spin-out fr\u00e5n Karolinska Institutet som anv\u00e4nder djupinl\u00e4rningsteknik (AI) f\u00f6r att tillhandah\u00e5lla riskprofilering av cancertum\u00f6rer. F\u00f6retagets molnbaserade SaaS-l\u00f6sningar anv\u00e4nds i\u2026<\/p>\n\t\t<\/div>\n\t<\/div>\n\t<div class=\"lower\">\n\t\t<a class=\"post-link\" href=\"https:\/\/www.medtechlabs.se\/sv\/the-impact\/stratipat\/\">\n\t\tL\u00e4s mer\t\t<\/a>\n\t<\/div>\n<\/div><div class=\"grid-item the-impact utbildning-sv\">\n\t<div class=\"upper\">\n\t\t<div class='post-img'><img loading=\"lazy\" decoding=\"async\" width=\"1000\" height=\"655\" src=\"https:\/\/www.medtechlabs.se\/wp-content\/uploads\/2023\/04\/Hjarna-stroke-1.jpg\" class=\"attachment-post-thumbnail size-post-thumbnail wp-post-image\" alt=\"\" srcset=\"https:\/\/www.medtechlabs.se\/wp-content\/uploads\/2023\/04\/Hjarna-stroke-1.jpg 1000w, https:\/\/www.medtechlabs.se\/wp-content\/uploads\/2023\/04\/Hjarna-stroke-1-300x197.jpg 300w, https:\/\/www.medtechlabs.se\/wp-content\/uploads\/2023\/04\/Hjarna-stroke-1-768x503.jpg 768w, https:\/\/www.medtechlabs.se\/wp-content\/uploads\/2023\/04\/Hjarna-stroke-1-600x393.jpg 600w\" sizes=\"(max-width: 1000px) 100vw, 1000px\" \/><\/div>\t\t<div class=\"post-content\">\n\t\t\t<tag><span>Utbildning<\/span><\/tag>\t\t\t<h3 class=\"post-title\"><a href=\"https:\/\/www.medtechlabs.se\/sv\/the-impact\/kurs-i-akut-stroke-diagnostik-och-behandling-lipus-certifierad\/\">Kurs i akut stroke, diagnostik och behandling (Lipus-certifierad)<\/a><\/h3>\n\t\t<p class=\"post-ingress\">De senaste \u00e5ren har akut strokev\u00e5rd haft en snabb utveckling, s\u00e4rskilt inom radiologisk diagnostik och reperfusionsbehandling. Denna utbildning riktar sig till ST-l\u00e4kare\u2026<\/p>\n\t\t<\/div>\n\t<\/div>\n\t<div class=\"lower\">\n\t\t<a class=\"post-link\" href=\"https:\/\/www.medtechlabs.se\/sv\/the-impact\/kurs-i-akut-stroke-diagnostik-och-behandling-lipus-certifierad\/\">\n\t\tL\u00e4s mer\t\t<\/a>\n\t<\/div>\n<\/div>\t<\/div> <!-- end grid item wrapper -->\r\n\t\r\n\t<!-- \tPagination using the wp_pagenavi plugin -->\r\n\t\t\r\n\t<\/div>\n","protected":false},"excerpt":{"rendered":"<p>Filtrera<\/p>\n","protected":false},"author":1,"featured_media":2075,"parent":0,"menu_order":0,"comment_status":"closed","ping_status":"closed","template":"","meta":{"_acf_changed":false,"footnotes":""},"class_list":["post-2612","page","type-page","status-publish","has-post-thumbnail","hentry"],"acf":[],"yoast_head":"<!-- This site is optimized with the Yoast SEO plugin v27.1 - https:\/\/yoast.com\/product\/yoast-seo-wordpress\/ -->\n<title>Samh\u00e4llsnytta - Medtechlabs<\/title>\n<meta name=\"description\" content=\"Vi bidrar med effektiv kunskaps- och teknik\u00f6verf\u00f6ring till h\u00e4lso- och sjukv\u00e5rden. Uppt\u00e4ck f\u00f6retag, utbildningar och kliniska studier h\u00e4r.\" \/>\n<meta name=\"robots\" content=\"index, follow, max-snippet:-1, max-image-preview:large, max-video-preview:-1\" \/>\n<link rel=\"canonical\" href=\"https:\/\/www.medtechlabs.se\/sv\/samhallsnytta\/\" \/>\n<meta property=\"og:locale\" content=\"sv_SE\" \/>\n<meta property=\"og:type\" content=\"article\" \/>\n<meta property=\"og:title\" content=\"Samh\u00e4llsnytta - Medtechlabs\" \/>\n<meta property=\"og:description\" content=\"Vi bidrar med effektiv kunskaps- och teknik\u00f6verf\u00f6ring till h\u00e4lso- och sjukv\u00e5rden. Uppt\u00e4ck f\u00f6retag, utbildningar och kliniska studier h\u00e4r.\" \/>\n<meta property=\"og:url\" content=\"https:\/\/www.medtechlabs.se\/sv\/samhallsnytta\/\" \/>\n<meta property=\"og:site_name\" content=\"Medtechlabs\" \/>\n<meta property=\"article:modified_time\" content=\"2024-02-28T11:08:36+00:00\" \/>\n<meta property=\"og:image\" content=\"https:\/\/www.medtechlabs.se\/wp-content\/uploads\/2023\/04\/Hjarna-stroke-1.jpg\" \/>\n\t<meta property=\"og:image:width\" content=\"1000\" \/>\n\t<meta property=\"og:image:height\" content=\"655\" \/>\n\t<meta property=\"og:image:type\" content=\"image\/jpeg\" \/>\n<meta name=\"twitter:card\" content=\"summary_large_image\" \/>\n<meta name=\"twitter:label1\" content=\"Ber\u00e4knad l\u00e4stid\" \/>\n\t<meta name=\"twitter:data1\" content=\"1 minut\" \/>\n<script type=\"application\/ld+json\" class=\"yoast-schema-graph\">{\"@context\":\"https:\/\/schema.org\",\"@graph\":[{\"@type\":\"WebPage\",\"@id\":\"https:\/\/www.medtechlabs.se\/sv\/samhallsnytta\/\",\"url\":\"https:\/\/www.medtechlabs.se\/sv\/samhallsnytta\/\",\"name\":\"Samh\u00e4llsnytta - Medtechlabs\",\"isPartOf\":{\"@id\":\"https:\/\/www.medtechlabs.se\/sv\/#website\"},\"primaryImageOfPage\":{\"@id\":\"https:\/\/www.medtechlabs.se\/sv\/samhallsnytta\/#primaryimage\"},\"image\":{\"@id\":\"https:\/\/www.medtechlabs.se\/sv\/samhallsnytta\/#primaryimage\"},\"thumbnailUrl\":\"https:\/\/www.medtechlabs.se\/wp-content\/uploads\/2023\/04\/Hjarna-stroke-1.jpg\",\"datePublished\":\"2024-01-24T08:59:36+00:00\",\"dateModified\":\"2024-02-28T11:08:36+00:00\",\"description\":\"Vi bidrar med effektiv kunskaps- och teknik\u00f6verf\u00f6ring till h\u00e4lso- och sjukv\u00e5rden. Uppt\u00e4ck f\u00f6retag, utbildningar och kliniska studier h\u00e4r.\",\"breadcrumb\":{\"@id\":\"https:\/\/www.medtechlabs.se\/sv\/samhallsnytta\/#breadcrumb\"},\"inLanguage\":\"sv-SE\",\"potentialAction\":[{\"@type\":\"ReadAction\",\"target\":[\"https:\/\/www.medtechlabs.se\/sv\/samhallsnytta\/\"]}]},{\"@type\":\"ImageObject\",\"inLanguage\":\"sv-SE\",\"@id\":\"https:\/\/www.medtechlabs.se\/sv\/samhallsnytta\/#primaryimage\",\"url\":\"https:\/\/www.medtechlabs.se\/wp-content\/uploads\/2023\/04\/Hjarna-stroke-1.jpg\",\"contentUrl\":\"https:\/\/www.medtechlabs.se\/wp-content\/uploads\/2023\/04\/Hjarna-stroke-1.jpg\",\"width\":1000,\"height\":655,\"caption\":\"X- Ray illustration of brain stroke - 3d Illustration\"},{\"@type\":\"BreadcrumbList\",\"@id\":\"https:\/\/www.medtechlabs.se\/sv\/samhallsnytta\/#breadcrumb\",\"itemListElement\":[{\"@type\":\"ListItem\",\"position\":1,\"name\":\"Home\",\"item\":\"https:\/\/www.medtechlabs.se\/sv\/\"},{\"@type\":\"ListItem\",\"position\":2,\"name\":\"Samh\u00e4llsnytta\"}]},{\"@type\":\"WebSite\",\"@id\":\"https:\/\/www.medtechlabs.se\/sv\/#website\",\"url\":\"https:\/\/www.medtechlabs.se\/sv\/\",\"name\":\"Medtechlabs\",\"description\":\"\",\"publisher\":{\"@id\":\"https:\/\/www.medtechlabs.se\/sv\/#organization\"},\"potentialAction\":[{\"@type\":\"SearchAction\",\"target\":{\"@type\":\"EntryPoint\",\"urlTemplate\":\"https:\/\/www.medtechlabs.se\/sv\/?s={search_term_string}\"},\"query-input\":{\"@type\":\"PropertyValueSpecification\",\"valueRequired\":true,\"valueName\":\"search_term_string\"}}],\"inLanguage\":\"sv-SE\"},{\"@type\":\"Organization\",\"@id\":\"https:\/\/www.medtechlabs.se\/sv\/#organization\",\"name\":\"Medtechlabs\",\"url\":\"https:\/\/www.medtechlabs.se\/sv\/\",\"logo\":{\"@type\":\"ImageObject\",\"inLanguage\":\"sv-SE\",\"@id\":\"https:\/\/www.medtechlabs.se\/sv\/#\/schema\/logo\/image\/\",\"url\":\"https:\/\/www.medtechlabs.se\/wp-content\/uploads\/2023\/02\/medtechlabs_logo_RGB_orange-65.png\",\"contentUrl\":\"https:\/\/www.medtechlabs.se\/wp-content\/uploads\/2023\/02\/medtechlabs_logo_RGB_orange-65.png\",\"width\":480,\"height\":60,\"caption\":\"Medtechlabs\"},\"image\":{\"@id\":\"https:\/\/www.medtechlabs.se\/sv\/#\/schema\/logo\/image\/\"}}]}<\/script>\n<!-- \/ Yoast SEO plugin. -->","yoast_head_json":{"title":"Samh\u00e4llsnytta - Medtechlabs","description":"Vi bidrar med effektiv kunskaps- och teknik\u00f6verf\u00f6ring till h\u00e4lso- och sjukv\u00e5rden. Uppt\u00e4ck f\u00f6retag, utbildningar och kliniska studier h\u00e4r.","robots":{"index":"index","follow":"follow","max-snippet":"max-snippet:-1","max-image-preview":"max-image-preview:large","max-video-preview":"max-video-preview:-1"},"canonical":"https:\/\/www.medtechlabs.se\/sv\/samhallsnytta\/","og_locale":"sv_SE","og_type":"article","og_title":"Samh\u00e4llsnytta - Medtechlabs","og_description":"Vi bidrar med effektiv kunskaps- och teknik\u00f6verf\u00f6ring till h\u00e4lso- och sjukv\u00e5rden. Uppt\u00e4ck f\u00f6retag, utbildningar och kliniska studier h\u00e4r.","og_url":"https:\/\/www.medtechlabs.se\/sv\/samhallsnytta\/","og_site_name":"Medtechlabs","article_modified_time":"2024-02-28T11:08:36+00:00","og_image":[{"width":1000,"height":655,"url":"https:\/\/www.medtechlabs.se\/wp-content\/uploads\/2023\/04\/Hjarna-stroke-1.jpg","type":"image\/jpeg"}],"twitter_card":"summary_large_image","twitter_misc":{"Ber\u00e4knad l\u00e4stid":"1 minut"},"schema":{"@context":"https:\/\/schema.org","@graph":[{"@type":"WebPage","@id":"https:\/\/www.medtechlabs.se\/sv\/samhallsnytta\/","url":"https:\/\/www.medtechlabs.se\/sv\/samhallsnytta\/","name":"Samh\u00e4llsnytta - Medtechlabs","isPartOf":{"@id":"https:\/\/www.medtechlabs.se\/sv\/#website"},"primaryImageOfPage":{"@id":"https:\/\/www.medtechlabs.se\/sv\/samhallsnytta\/#primaryimage"},"image":{"@id":"https:\/\/www.medtechlabs.se\/sv\/samhallsnytta\/#primaryimage"},"thumbnailUrl":"https:\/\/www.medtechlabs.se\/wp-content\/uploads\/2023\/04\/Hjarna-stroke-1.jpg","datePublished":"2024-01-24T08:59:36+00:00","dateModified":"2024-02-28T11:08:36+00:00","description":"Vi bidrar med effektiv kunskaps- och teknik\u00f6verf\u00f6ring till h\u00e4lso- och sjukv\u00e5rden. Uppt\u00e4ck f\u00f6retag, utbildningar och kliniska studier h\u00e4r.","breadcrumb":{"@id":"https:\/\/www.medtechlabs.se\/sv\/samhallsnytta\/#breadcrumb"},"inLanguage":"sv-SE","potentialAction":[{"@type":"ReadAction","target":["https:\/\/www.medtechlabs.se\/sv\/samhallsnytta\/"]}]},{"@type":"ImageObject","inLanguage":"sv-SE","@id":"https:\/\/www.medtechlabs.se\/sv\/samhallsnytta\/#primaryimage","url":"https:\/\/www.medtechlabs.se\/wp-content\/uploads\/2023\/04\/Hjarna-stroke-1.jpg","contentUrl":"https:\/\/www.medtechlabs.se\/wp-content\/uploads\/2023\/04\/Hjarna-stroke-1.jpg","width":1000,"height":655,"caption":"X- Ray illustration of brain stroke - 3d Illustration"},{"@type":"BreadcrumbList","@id":"https:\/\/www.medtechlabs.se\/sv\/samhallsnytta\/#breadcrumb","itemListElement":[{"@type":"ListItem","position":1,"name":"Home","item":"https:\/\/www.medtechlabs.se\/sv\/"},{"@type":"ListItem","position":2,"name":"Samh\u00e4llsnytta"}]},{"@type":"WebSite","@id":"https:\/\/www.medtechlabs.se\/sv\/#website","url":"https:\/\/www.medtechlabs.se\/sv\/","name":"Medtechlabs","description":"","publisher":{"@id":"https:\/\/www.medtechlabs.se\/sv\/#organization"},"potentialAction":[{"@type":"SearchAction","target":{"@type":"EntryPoint","urlTemplate":"https:\/\/www.medtechlabs.se\/sv\/?s={search_term_string}"},"query-input":{"@type":"PropertyValueSpecification","valueRequired":true,"valueName":"search_term_string"}}],"inLanguage":"sv-SE"},{"@type":"Organization","@id":"https:\/\/www.medtechlabs.se\/sv\/#organization","name":"Medtechlabs","url":"https:\/\/www.medtechlabs.se\/sv\/","logo":{"@type":"ImageObject","inLanguage":"sv-SE","@id":"https:\/\/www.medtechlabs.se\/sv\/#\/schema\/logo\/image\/","url":"https:\/\/www.medtechlabs.se\/wp-content\/uploads\/2023\/02\/medtechlabs_logo_RGB_orange-65.png","contentUrl":"https:\/\/www.medtechlabs.se\/wp-content\/uploads\/2023\/02\/medtechlabs_logo_RGB_orange-65.png","width":480,"height":60,"caption":"Medtechlabs"},"image":{"@id":"https:\/\/www.medtechlabs.se\/sv\/#\/schema\/logo\/image\/"}}]}},"_links":{"self":[{"href":"https:\/\/www.medtechlabs.se\/sv\/wp-json\/wp\/v2\/pages\/2612","targetHints":{"allow":["GET"]}}],"collection":[{"href":"https:\/\/www.medtechlabs.se\/sv\/wp-json\/wp\/v2\/pages"}],"about":[{"href":"https:\/\/www.medtechlabs.se\/sv\/wp-json\/wp\/v2\/types\/page"}],"author":[{"embeddable":true,"href":"https:\/\/www.medtechlabs.se\/sv\/wp-json\/wp\/v2\/users\/1"}],"replies":[{"embeddable":true,"href":"https:\/\/www.medtechlabs.se\/sv\/wp-json\/wp\/v2\/comments?post=2612"}],"version-history":[{"count":11,"href":"https:\/\/www.medtechlabs.se\/sv\/wp-json\/wp\/v2\/pages\/2612\/revisions"}],"predecessor-version":[{"id":2815,"href":"https:\/\/www.medtechlabs.se\/sv\/wp-json\/wp\/v2\/pages\/2612\/revisions\/2815"}],"wp:featuredmedia":[{"embeddable":true,"href":"https:\/\/www.medtechlabs.se\/sv\/wp-json\/wp\/v2\/media\/2075"}],"wp:attachment":[{"href":"https:\/\/www.medtechlabs.se\/sv\/wp-json\/wp\/v2\/media?parent=2612"}],"curies":[{"name":"wp","href":"https:\/\/api.w.org\/{rel}","templated":true}]}}