{"id":2899,"date":"2024-05-27T11:23:05","date_gmt":"2024-05-27T09:23:05","guid":{"rendered":"https:\/\/www.medtechlabs.se\/?page_id=2899"},"modified":"2024-05-27T16:17:27","modified_gmt":"2024-05-27T14:17:27","slug":"utvarderingskommitte","status":"publish","type":"page","link":"https:\/\/www.medtechlabs.se\/sv\/forskning\/utvarderingskommitte\/","title":{"rendered":"Utv\u00e4rderingskommitt\u00e9"},"content":{"rendered":"\n<pre class=\"wp-block-hw-ingress-box\">H\u00e4r \u00e4r MedTechLabs utv\u00e4rderingskommitt\u00e9 f\u00f6r utlysningar under 2024.<br><br><\/pre>\n\n\n\n<p><strong>Annika Tibell<\/strong>, adjungerad professor, docent, transplantationskirurgi, Karolinska Institutet (ordf\u00f6rande)<\/p>\n\n\n\n<p><strong>Ida Blystad<\/strong>, \u00f6verl\u00e4kare neuroradiolog, Radiologiska kliniken, Universitetssjukhuset i Link\u00f6ping,  adjungerad docent, Link\u00f6pings universitet och Centrum f\u00f6r medicinsk bildvetenskap och visualisering (CMIV)<\/p>\n\n\n\n<p><strong>Marija Cvijovic<\/strong>, professor Till\u00e4mpad matematik och statistik, G\u00f6teborgs universitet och Chalmers<\/p>\n\n\n\n<p><strong>David Konrad<\/strong>, VD, Funktion Perioperativ Medicin &amp; Intensivv\u00e5rd, Karolinska Universitetssjukhuset<\/p>\n\n\n\n<p><strong>Torbj\u00f6rn Lundh<\/strong>, professor Till\u00e4mpad matematik och statistik, G\u00f6teborgs universitet och Chalmers<\/p>\n","protected":false},"excerpt":{"rendered":"<p>Annika Tibell, adjungerad professor, docent, transplantationskirurgi, Karolinska Institutet (ordf\u00f6rande) Ida Blystad, \u00f6verl\u00e4kare neuroradiolog, Radiologiska kliniken, Universitetssjukhuset i Link\u00f6ping, adjungerad docent, Link\u00f6pings universitet och Centrum f\u00f6r medicinsk bildvetenskap och visualisering (CMIV) Marija Cvijovic, professor Till\u00e4mpad matematik och statistik, G\u00f6teborgs universitet och Chalmers David Konrad, VD, Funktion Perioperativ Medicin &amp; Intensivv\u00e5rd, Karolinska Universitetssjukhuset Torbj\u00f6rn Lundh, professor Till\u00e4mpad [&hellip;]<\/p>\n","protected":false},"author":2,"featured_media":2897,"parent":1763,"menu_order":1,"comment_status":"closed","ping_status":"closed","template":"","meta":{"_acf_changed":false,"footnotes":""},"class_list":["post-2899","page","type-page","status-publish","has-post-thumbnail","hentry"],"acf":[],"yoast_head":"<!-- This site is optimized with the Yoast SEO plugin v27.1 - https:\/\/yoast.com\/product\/yoast-seo-wordpress\/ -->\n<title>Utv\u00e4rderingskommitt\u00e9 - Medtechlabs<\/title>\n<meta name=\"robots\" content=\"index, follow, max-snippet:-1, max-image-preview:large, max-video-preview:-1\" \/>\n<link rel=\"canonical\" href=\"https:\/\/www.medtechlabs.se\/sv\/forskning\/utvarderingskommitte\/\" \/>\n<meta property=\"og:locale\" content=\"sv_SE\" \/>\n<meta property=\"og:type\" content=\"article\" \/>\n<meta property=\"og:title\" content=\"Utv\u00e4rderingskommitt\u00e9 - Medtechlabs\" \/>\n<meta property=\"og:description\" content=\"Annika Tibell, adjungerad professor, docent, transplantationskirurgi, Karolinska Institutet (ordf\u00f6rande) Ida Blystad, \u00f6verl\u00e4kare neuroradiolog, Radiologiska kliniken, Universitetssjukhuset i Link\u00f6ping, adjungerad docent, Link\u00f6pings universitet och Centrum f\u00f6r medicinsk bildvetenskap och visualisering (CMIV) Marija Cvijovic, professor Till\u00e4mpad matematik och statistik, G\u00f6teborgs universitet och Chalmers David Konrad, VD, Funktion Perioperativ Medicin &amp; Intensivv\u00e5rd, Karolinska Universitetssjukhuset Torbj\u00f6rn Lundh, professor Till\u00e4mpad [&hellip;]\" \/>\n<meta property=\"og:url\" content=\"https:\/\/www.medtechlabs.se\/sv\/forskning\/utvarderingskommitte\/\" \/>\n<meta property=\"og:site_name\" content=\"Medtechlabs\" \/>\n<meta property=\"article:modified_time\" content=\"2024-05-27T14:17:27+00:00\" \/>\n<meta property=\"og:image\" content=\"https:\/\/www.medtechlabs.se\/wp-content\/uploads\/2024\/05\/woman-with-cup-tea-laptop.jpg\" \/>\n\t<meta property=\"og:image:width\" content=\"1400\" \/>\n\t<meta property=\"og:image:height\" content=\"933\" \/>\n\t<meta property=\"og:image:type\" content=\"image\/jpeg\" \/>\n<meta name=\"twitter:card\" content=\"summary_large_image\" \/>\n<meta name=\"twitter:label1\" content=\"Ber\u00e4knad l\u00e4stid\" \/>\n\t<meta name=\"twitter:data1\" content=\"1 minut\" \/>\n<script type=\"application\/ld+json\" class=\"yoast-schema-graph\">{\"@context\":\"https:\/\/schema.org\",\"@graph\":[{\"@type\":\"WebPage\",\"@id\":\"https:\/\/www.medtechlabs.se\/sv\/forskning\/utvarderingskommitte\/\",\"url\":\"https:\/\/www.medtechlabs.se\/sv\/forskning\/utvarderingskommitte\/\",\"name\":\"Utv\u00e4rderingskommitt\u00e9 - Medtechlabs\",\"isPartOf\":{\"@id\":\"https:\/\/www.medtechlabs.se\/sv\/#website\"},\"primaryImageOfPage\":{\"@id\":\"https:\/\/www.medtechlabs.se\/sv\/forskning\/utvarderingskommitte\/#primaryimage\"},\"image\":{\"@id\":\"https:\/\/www.medtechlabs.se\/sv\/forskning\/utvarderingskommitte\/#primaryimage\"},\"thumbnailUrl\":\"https:\/\/www.medtechlabs.se\/wp-content\/uploads\/2024\/05\/woman-with-cup-tea-laptop.jpg\",\"datePublished\":\"2024-05-27T09:23:05+00:00\",\"dateModified\":\"2024-05-27T14:17:27+00:00\",\"breadcrumb\":{\"@id\":\"https:\/\/www.medtechlabs.se\/sv\/forskning\/utvarderingskommitte\/#breadcrumb\"},\"inLanguage\":\"sv-SE\",\"potentialAction\":[{\"@type\":\"ReadAction\",\"target\":[\"https:\/\/www.medtechlabs.se\/sv\/forskning\/utvarderingskommitte\/\"]}]},{\"@type\":\"ImageObject\",\"inLanguage\":\"sv-SE\",\"@id\":\"https:\/\/www.medtechlabs.se\/sv\/forskning\/utvarderingskommitte\/#primaryimage\",\"url\":\"https:\/\/www.medtechlabs.se\/wp-content\/uploads\/2024\/05\/woman-with-cup-tea-laptop.jpg\",\"contentUrl\":\"https:\/\/www.medtechlabs.se\/wp-content\/uploads\/2024\/05\/woman-with-cup-tea-laptop.jpg\",\"width\":1400,\"height\":933,\"caption\":\"Image by rawpixel.com on Freepik\"},{\"@type\":\"BreadcrumbList\",\"@id\":\"https:\/\/www.medtechlabs.se\/sv\/forskning\/utvarderingskommitte\/#breadcrumb\",\"itemListElement\":[{\"@type\":\"ListItem\",\"position\":1,\"name\":\"Home\",\"item\":\"https:\/\/www.medtechlabs.se\/sv\/\"},{\"@type\":\"ListItem\",\"position\":2,\"name\":\"Forskning\",\"item\":\"https:\/\/www.medtechlabs.se\/sv\/forskning\/\"},{\"@type\":\"ListItem\",\"position\":3,\"name\":\"Utv\u00e4rderingskommitt\u00e9\"}]},{\"@type\":\"WebSite\",\"@id\":\"https:\/\/www.medtechlabs.se\/sv\/#website\",\"url\":\"https:\/\/www.medtechlabs.se\/sv\/\",\"name\":\"Medtechlabs\",\"description\":\"\",\"publisher\":{\"@id\":\"https:\/\/www.medtechlabs.se\/sv\/#organization\"},\"potentialAction\":[{\"@type\":\"SearchAction\",\"target\":{\"@type\":\"EntryPoint\",\"urlTemplate\":\"https:\/\/www.medtechlabs.se\/sv\/?s={search_term_string}\"},\"query-input\":{\"@type\":\"PropertyValueSpecification\",\"valueRequired\":true,\"valueName\":\"search_term_string\"}}],\"inLanguage\":\"sv-SE\"},{\"@type\":\"Organization\",\"@id\":\"https:\/\/www.medtechlabs.se\/sv\/#organization\",\"name\":\"Medtechlabs\",\"url\":\"https:\/\/www.medtechlabs.se\/sv\/\",\"logo\":{\"@type\":\"ImageObject\",\"inLanguage\":\"sv-SE\",\"@id\":\"https:\/\/www.medtechlabs.se\/sv\/#\/schema\/logo\/image\/\",\"url\":\"https:\/\/www.medtechlabs.se\/wp-content\/uploads\/2023\/02\/medtechlabs_logo_RGB_orange-65.png\",\"contentUrl\":\"https:\/\/www.medtechlabs.se\/wp-content\/uploads\/2023\/02\/medtechlabs_logo_RGB_orange-65.png\",\"width\":480,\"height\":60,\"caption\":\"Medtechlabs\"},\"image\":{\"@id\":\"https:\/\/www.medtechlabs.se\/sv\/#\/schema\/logo\/image\/\"}}]}<\/script>\n<!-- \/ Yoast SEO plugin. -->","yoast_head_json":{"title":"Utv\u00e4rderingskommitt\u00e9 - Medtechlabs","robots":{"index":"index","follow":"follow","max-snippet":"max-snippet:-1","max-image-preview":"max-image-preview:large","max-video-preview":"max-video-preview:-1"},"canonical":"https:\/\/www.medtechlabs.se\/sv\/forskning\/utvarderingskommitte\/","og_locale":"sv_SE","og_type":"article","og_title":"Utv\u00e4rderingskommitt\u00e9 - Medtechlabs","og_description":"Annika Tibell, adjungerad professor, docent, transplantationskirurgi, Karolinska Institutet (ordf\u00f6rande) Ida Blystad, \u00f6verl\u00e4kare neuroradiolog, Radiologiska kliniken, Universitetssjukhuset i Link\u00f6ping, adjungerad docent, Link\u00f6pings universitet och Centrum f\u00f6r medicinsk bildvetenskap och visualisering (CMIV) Marija Cvijovic, professor Till\u00e4mpad matematik och statistik, G\u00f6teborgs universitet och Chalmers David Konrad, VD, Funktion Perioperativ Medicin &amp; Intensivv\u00e5rd, Karolinska Universitetssjukhuset Torbj\u00f6rn Lundh, professor Till\u00e4mpad [&hellip;]","og_url":"https:\/\/www.medtechlabs.se\/sv\/forskning\/utvarderingskommitte\/","og_site_name":"Medtechlabs","article_modified_time":"2024-05-27T14:17:27+00:00","og_image":[{"width":1400,"height":933,"url":"https:\/\/www.medtechlabs.se\/wp-content\/uploads\/2024\/05\/woman-with-cup-tea-laptop.jpg","type":"image\/jpeg"}],"twitter_card":"summary_large_image","twitter_misc":{"Ber\u00e4knad l\u00e4stid":"1 minut"},"schema":{"@context":"https:\/\/schema.org","@graph":[{"@type":"WebPage","@id":"https:\/\/www.medtechlabs.se\/sv\/forskning\/utvarderingskommitte\/","url":"https:\/\/www.medtechlabs.se\/sv\/forskning\/utvarderingskommitte\/","name":"Utv\u00e4rderingskommitt\u00e9 - Medtechlabs","isPartOf":{"@id":"https:\/\/www.medtechlabs.se\/sv\/#website"},"primaryImageOfPage":{"@id":"https:\/\/www.medtechlabs.se\/sv\/forskning\/utvarderingskommitte\/#primaryimage"},"image":{"@id":"https:\/\/www.medtechlabs.se\/sv\/forskning\/utvarderingskommitte\/#primaryimage"},"thumbnailUrl":"https:\/\/www.medtechlabs.se\/wp-content\/uploads\/2024\/05\/woman-with-cup-tea-laptop.jpg","datePublished":"2024-05-27T09:23:05+00:00","dateModified":"2024-05-27T14:17:27+00:00","breadcrumb":{"@id":"https:\/\/www.medtechlabs.se\/sv\/forskning\/utvarderingskommitte\/#breadcrumb"},"inLanguage":"sv-SE","potentialAction":[{"@type":"ReadAction","target":["https:\/\/www.medtechlabs.se\/sv\/forskning\/utvarderingskommitte\/"]}]},{"@type":"ImageObject","inLanguage":"sv-SE","@id":"https:\/\/www.medtechlabs.se\/sv\/forskning\/utvarderingskommitte\/#primaryimage","url":"https:\/\/www.medtechlabs.se\/wp-content\/uploads\/2024\/05\/woman-with-cup-tea-laptop.jpg","contentUrl":"https:\/\/www.medtechlabs.se\/wp-content\/uploads\/2024\/05\/woman-with-cup-tea-laptop.jpg","width":1400,"height":933,"caption":"Image by rawpixel.com on Freepik"},{"@type":"BreadcrumbList","@id":"https:\/\/www.medtechlabs.se\/sv\/forskning\/utvarderingskommitte\/#breadcrumb","itemListElement":[{"@type":"ListItem","position":1,"name":"Home","item":"https:\/\/www.medtechlabs.se\/sv\/"},{"@type":"ListItem","position":2,"name":"Forskning","item":"https:\/\/www.medtechlabs.se\/sv\/forskning\/"},{"@type":"ListItem","position":3,"name":"Utv\u00e4rderingskommitt\u00e9"}]},{"@type":"WebSite","@id":"https:\/\/www.medtechlabs.se\/sv\/#website","url":"https:\/\/www.medtechlabs.se\/sv\/","name":"Medtechlabs","description":"","publisher":{"@id":"https:\/\/www.medtechlabs.se\/sv\/#organization"},"potentialAction":[{"@type":"SearchAction","target":{"@type":"EntryPoint","urlTemplate":"https:\/\/www.medtechlabs.se\/sv\/?s={search_term_string}"},"query-input":{"@type":"PropertyValueSpecification","valueRequired":true,"valueName":"search_term_string"}}],"inLanguage":"sv-SE"},{"@type":"Organization","@id":"https:\/\/www.medtechlabs.se\/sv\/#organization","name":"Medtechlabs","url":"https:\/\/www.medtechlabs.se\/sv\/","logo":{"@type":"ImageObject","inLanguage":"sv-SE","@id":"https:\/\/www.medtechlabs.se\/sv\/#\/schema\/logo\/image\/","url":"https:\/\/www.medtechlabs.se\/wp-content\/uploads\/2023\/02\/medtechlabs_logo_RGB_orange-65.png","contentUrl":"https:\/\/www.medtechlabs.se\/wp-content\/uploads\/2023\/02\/medtechlabs_logo_RGB_orange-65.png","width":480,"height":60,"caption":"Medtechlabs"},"image":{"@id":"https:\/\/www.medtechlabs.se\/sv\/#\/schema\/logo\/image\/"}}]}},"_links":{"self":[{"href":"https:\/\/www.medtechlabs.se\/sv\/wp-json\/wp\/v2\/pages\/2899","targetHints":{"allow":["GET"]}}],"collection":[{"href":"https:\/\/www.medtechlabs.se\/sv\/wp-json\/wp\/v2\/pages"}],"about":[{"href":"https:\/\/www.medtechlabs.se\/sv\/wp-json\/wp\/v2\/types\/page"}],"author":[{"embeddable":true,"href":"https:\/\/www.medtechlabs.se\/sv\/wp-json\/wp\/v2\/users\/2"}],"replies":[{"embeddable":true,"href":"https:\/\/www.medtechlabs.se\/sv\/wp-json\/wp\/v2\/comments?post=2899"}],"version-history":[{"count":1,"href":"https:\/\/www.medtechlabs.se\/sv\/wp-json\/wp\/v2\/pages\/2899\/revisions"}],"predecessor-version":[{"id":2900,"href":"https:\/\/www.medtechlabs.se\/sv\/wp-json\/wp\/v2\/pages\/2899\/revisions\/2900"}],"up":[{"embeddable":true,"href":"https:\/\/www.medtechlabs.se\/sv\/wp-json\/wp\/v2\/pages\/1763"}],"wp:featuredmedia":[{"embeddable":true,"href":"https:\/\/www.medtechlabs.se\/sv\/wp-json\/wp\/v2\/media\/2897"}],"wp:attachment":[{"href":"https:\/\/www.medtechlabs.se\/sv\/wp-json\/wp\/v2\/media?parent=2899"}],"curies":[{"name":"wp","href":"https:\/\/api.w.org\/{rel}","templated":true}]}}